{"id":1086,"date":"2024-02-26T14:42:52","date_gmt":"2024-02-26T14:42:52","guid":{"rendered":"https:\/\/aeccondeixa.pt\/?page_id=1086"},"modified":"2026-04-08T13:56:02","modified_gmt":"2026-04-08T13:56:02","slug":"missao_visao","status":"publish","type":"page","link":"https:\/\/aecondeixa.pt\/?page_id=1086","title":{"rendered":"Missao_Visao"},"content":{"rendered":"<div class=\"\" style=\"\" >\n  \n    \n    <section class=\"u-clearfix u-grey-15 u-section-2\" id=\"carousel_6ec5\">\n      <div class=\"u-clearfix u-sheet u-sheet-1\">\n        <div class=\"data-layout-selected u-clearfix u-expanded-width u-gutter-20 u-layout-wrap u-layout-wrap-1\">\n          <div class=\"u-layout\">\n            <div class=\"u-layout-row\">\n              <div class=\"u-align-left u-container-align-left u-container-style u-layout-cell u-left-cell u-shape-rectangle u-size-30 u-layout-cell-1\">\n                <div class=\"u-container-layout u-valign-bottom-lg u-valign-bottom-md u-container-layout-1\">\n                  <img decoding=\"async\" class=\"u-absolute-hcenter u-expanded-height u-image u-image-default u-image-1\" src=\"https:\/\/aecondeixa.pt\/wp-content\/uploads\/2024\/02\/portrait-successful-man-having-stubble-posing-with-broad-smile-keeping-arms-folded.png\" alt=\"\" data-image-width=\"679\" data-image-height=\"1000\">\n                <\/div>\n              <\/div>\n              <div class=\"u-container-align-left u-container-style u-layout-cell u-right-cell u-shape-rectangle u-size-30 u-layout-cell-2\">\n                <div class=\"u-container-layout u-valign-middle-xl u-valign-top-lg u-valign-top-md u-valign-top-sm u-valign-top-xs u-container-layout-2\">\n                  <h2 class=\"u-align-left u-text u-text-1\"> MISS\u00c3O, VIS\u00c3O E VALORES<\/h2>\n                  <p class=\"u-align-left u-text u-text-2\" data-animation-name=\"\" data-animation-duration=\"0\" data-animation-delay=\"0\" data-animation-direction=\"\"> (in Projeto Educativo) <\/p>\n                  <a href=\"#Missao_Visao_Valores\" class=\"u-active-palette-2-base u-align-left u-border-none u-btn u-button-style u-hover-feature u-hover-palette-2-light-1 u-palette-2-base u-text-active-white u-text-hover-grey-80 u-btn-1\" data-animation-name=\"\" data-animation-duration=\"0\" data-animation-delay=\"0\" data-animation-direction=\"\">Ler Mais <\/a>\n                <\/div>\n              <\/div>\n            <\/div>\n          <\/div>\n        <\/div>\n      <\/div>\n    <\/section>\n    <section class=\"u-clearfix u-section-3\" id=\"Missao_Visao_Valores\">\n      <div class=\"u-clearfix u-sheet u-valign-middle u-sheet-1\">\n        <h2 class=\"u-align-left u-text u-text-default u-text-1\">MISS\u00c3O, VIS\u00c3O E VALORES <\/h2>\n        <p class=\"u-align-left u-text u-text-2\"> O Agrupamento de\nEscolas de Condeixa, enquanto unidade org\u00e2nica do Minist\u00e9rio da Educa\u00e7\u00e3o e\nCi\u00eancia, que disponibiliza ensino regular e profissional desde a educa\u00e7\u00e3o pr\u00e9-escolar\nat\u00e9 ao 12\u00ba ano, deve primar por assegurar um ensino de excel\u00eancia alicer\u00e7ado na\nforma\u00e7\u00e3o integral do aluno, assente em princ\u00edpios de base human\u00edstica e regido\npor valores como os da liberdade, igualdade, justi\u00e7a, solidariedade,\ncoopera\u00e7\u00e3o, toler\u00e2ncia e paz, felicidade e bem-estar.&nbsp; <br>\n          <br>O AEC deve\nconstituir-se como um espa\u00e7o de conhecimento, cultura empreendedora e\ncriatividade, devidamente articulado entre os diferentes n\u00edveis de ensino e\nentre estes e a vida ativa, a fim de promover maior cidadania ativa e cr\u00edtica,\nem articula\u00e7\u00e3o com uma exigente educa\u00e7\u00e3o ambiental.&nbsp; <br>\n          <br>Enquanto espa\u00e7o inclusivo, deve potenciar o respeito\npelas diferen\u00e7as e mobilizar-se solidariamente em respostas r\u00e1pidas e\neficientes, integrando um&nbsp;<br>esp\u00edrito inovador, com impacto nas pr\u00e1ticas.<br>\n          <br>\n          <span style=\"font-weight: 700;\">1. Miss\u00e3o<\/span>\n          <br>\n          <br>A Miss\u00e3o de qualquer escola \u00e9 educar\/formar cidad\u00e3os. Educar no sentido da forma\u00e7\u00e3o integral das crian\u00e7as e dos jovens, quer ao n\u00edvel do percurso escolar, quer na habilita\u00e7\u00e3o de princ\u00edpios e valores necess\u00e1rios \u00e0 constru\u00e7\u00e3o de uma sociedade mais justa e fraterna. O seu desenvolvimento deve-se concretizar em estrat\u00e9gias de colabora\u00e7\u00e3o e de parceria, inovadoras e transformadoras, que reforcem a identidade da escola, a qualidade do servi\u00e7o prestado, a aposta na forma\u00e7\u00e3o global do aluno e o sucesso educativo, em sintonia com os princ\u00edpios gerais plasmados na Lei de Bases do Sistema Educativo.&nbsp;<br>\n          <br>\n          <span style=\"font-weight: 700;\">2. Vis\u00e3o<\/span>\n          <br>\n          <br>O Projeto Educativo deve plasmar uma vis\u00e3o alargada, mas simultaneamente integradora, de molde a assimilar os contributos ativos e positivos de todos os agentes educativos. Deve ser capaz de ultrapassar os desafios, transformar os momentos de crise em oportunidades e as fraquezas em a\u00e7\u00f5es empreendedoras, de forma a identificar o nome da comunidade educativa com patamares de sucesso, sem menosprezar o respeito pela diferen\u00e7a e pela cultura organizacional da escola. Deve implementar uma vis\u00e3o promotora da transpar\u00eancia, privilegiar a inclus\u00e3o e a igualdade de oportunidades.<br>\n          <br>\n          <span style=\"font-weight: 700;\">3. Princ\u00edpios e Valores <\/span>\n          <br>A escola que se pretende continuar a construir, tem os alicerces nos princ\u00edpios da valoriza\u00e7\u00e3o do trabalho, no sentido da responsabilidade e qualidade pedag\u00f3gica e nos valores de cidadania, articulando o saber, o saber ser, o saber estar e o saber fazer. <br>Dentro desta premissa, consideramos princ\u00edpios do Agrupamento, a educa\u00e7\u00e3o integral e a qualidade educativa; a cidadania e a participa\u00e7\u00e3o democr\u00e1tica; a equidade social; a inclus\u00e3o e o respeito pela diferen\u00e7a; a coopera\u00e7\u00e3o e a abertura \u00e0 comunidade e o princ\u00edpio da clareza e transpar\u00eancia. <br>Consideramos valores matriciais, a participa\u00e7\u00e3o; a satisfa\u00e7\u00e3o e bem-estar; a equidade; a exig\u00eancia; a responsabilidade; a coopera\u00e7\u00e3o e a partilha. <br>\n          <br>(in Projeto Educativo 2021-2024, Agrupamento de Escolas de Condeixa-a-Nova)<br>\n          <br>\n        <\/p>\n        <img decoding=\"async\" class=\"u-image u-image-default u-image-1\" src=\"https:\/\/aecondeixa.pt\/wp-content\/uploads\/2024\/04\/assinatura.jpg\" alt=\"\" data-image-width=\"305\" data-image-height=\"94\">\n        <p class=\"u-align-left u-text u-text-3\">O Diretor<\/p>\n      <\/div>\n    <\/section>\n    \n    \n    \n    \n  \n<\/div>","protected":false},"excerpt":{"rendered":"<p>MISS\u00c3O, VIS\u00c3O E VALORES (in Projeto Educativo) Ler Mais MISS\u00c3O, VIS\u00c3O E VALORES O Agrupamento de Escolas de Condeixa, enquanto [&hellip;]<\/p>\n","protected":false},"author":1,"featured_media":0,"parent":0,"menu_order":0,"comment_status":"closed","ping_status":"closed","template":"","meta":{"site-sidebar-layout":"default","site-content-layout":"","ast-site-content-layout":"default","site-content-style":"default","site-sidebar-style":"default","ast-global-header-display":"","ast-banner-title-visibility":"","ast-main-header-display":"","ast-hfb-above-header-display":"","ast-hfb-below-header-display":"","ast-hfb-mobile-header-display":"","site-post-title":"","ast-breadcrumbs-content":"","ast-featured-img":"","footer-sml-layout":"","ast-disable-related-posts":"","theme-transparent-header-meta":"default","adv-header-id-meta":"","stick-header-meta":"","header-above-stick-meta":"","header-main-stick-meta":"","header-below-stick-meta":"","astra-migrate-meta-layouts":"set","ast-page-background-enabled":"default","ast-page-background-meta":{"desktop":{"background-color":"var(--ast-global-color-4)","background-image":"","background-repeat":"repeat","background-position":"center center","background-size":"auto","background-attachment":"scroll","background-type":"","background-media":"","overlay-type":"","overlay-color":"","overlay-opacity":"","overlay-gradient":""},"tablet":{"background-color":"","background-image":"","background-repeat":"repeat","background-position":"center center","background-size":"auto","background-attachment":"scroll","background-type":"","background-media":"","overlay-type":"","overlay-color":"","overlay-opacity":"","overlay-gradient":""},"mobile":{"background-color":"","background-image":"","background-repeat":"repeat","background-position":"center center","background-size":"auto","background-attachment":"scroll","background-type":"","background-media":"","overlay-type":"","overlay-color":"","overlay-opacity":"","overlay-gradient":""}},"ast-content-background-meta":{"desktop":{"background-color":"var(--ast-global-color-5)","background-image":"","background-repeat":"repeat","background-position":"center center","background-size":"auto","background-attachment":"scroll","background-type":"","background-media":"","overlay-type":"","overlay-color":"","overlay-opacity":"","overlay-gradient":""},"tablet":{"background-color":"var(--ast-global-color-5)","background-image":"","background-repeat":"repeat","background-position":"center center","background-size":"auto","background-attachment":"scroll","background-type":"","background-media":"","overlay-type":"","overlay-color":"","overlay-opacity":"","overlay-gradient":""},"mobile":{"background-color":"var(--ast-global-color-5)","background-image":"","background-repeat":"repeat","background-position":"center center","background-size":"auto","background-attachment":"scroll","background-type":"","background-media":"","overlay-type":"","overlay-color":"","overlay-opacity":"","overlay-gradient":""}},"footnotes":""},"class_list":["post-1086","page","type-page","status-publish","hentry"],"_links":{"self":[{"href":"https:\/\/aecondeixa.pt\/index.php?rest_route=\/wp\/v2\/pages\/1086","targetHints":{"allow":["GET"]}}],"collection":[{"href":"https:\/\/aecondeixa.pt\/index.php?rest_route=\/wp\/v2\/pages"}],"about":[{"href":"https:\/\/aecondeixa.pt\/index.php?rest_route=\/wp\/v2\/types\/page"}],"author":[{"embeddable":true,"href":"https:\/\/aecondeixa.pt\/index.php?rest_route=\/wp\/v2\/users\/1"}],"replies":[{"embeddable":true,"href":"https:\/\/aecondeixa.pt\/index.php?rest_route=%2Fwp%2Fv2%2Fcomments&post=1086"}],"version-history":[{"count":6,"href":"https:\/\/aecondeixa.pt\/index.php?rest_route=\/wp\/v2\/pages\/1086\/revisions"}],"predecessor-version":[{"id":1534,"href":"https:\/\/aecondeixa.pt\/index.php?rest_route=\/wp\/v2\/pages\/1086\/revisions\/1534"}],"wp:attachment":[{"href":"https:\/\/aecondeixa.pt\/index.php?rest_route=%2Fwp%2Fv2%2Fmedia&parent=1086"}],"curies":[{"name":"wp","href":"https:\/\/api.w.org\/{rel}","templated":true}]}}