{"id":1677,"date":"2024-04-10T18:34:59","date_gmt":"2024-04-10T18:34:59","guid":{"rendered":"http:\/\/aecondeixa.pt\/wordpress\/?page_id=1677"},"modified":"2026-04-08T14:10:22","modified_gmt":"2026-04-08T14:10:22","slug":"projetos_clubes","status":"publish","type":"page","link":"https:\/\/aecondeixa.pt\/?page_id=1677","title":{"rendered":"Projetos_Clubes"},"content":{"rendered":"<div class=\"\" style=\"\" >\n  \n    \n    <section class=\"u-clearfix u-section-2\" id=\"sec-87fe\" data-image-width=\"840\" data-image-height=\"430\">\n      <div class=\"u-clearfix u-sheet u-sheet-1\">\n        <img decoding=\"async\" class=\"u-image u-image-contain u-image-default u-image-1\" src=\"https:\/\/aecondeixa.pt\/wp-content\/uploads\/2026\/04\/AEC_Clubes-e-Projetos-130-1.jpg\" alt=\"\" data-image-width=\"1099\" data-image-height=\"491\">\n      <\/div>\n    <\/section>\n    <section class=\"u-clearfix u-section-3\" id=\"carousel_3ad0\">\n      <div class=\"u-clearfix u-sheet u-valign-middle u-sheet-1\">\n        <h2 class=\"u-align-left u-text u-text-default u-text-1\"> Grupo de Clubes\/Projetos<\/h2>\n        <p class=\"u-align-left u-text u-text-2\"> As atividades abrangidas pela designa\u00e7\u00e3o gen\u00e9rica de Projetos de Desenvolvimento Educativo destinam-se a motivar os alunos para a aprendizagem e contribuem para a integra\u00e7\u00e3o escolar e o desenvolvimento pessoal e social dos alunos. Sendo atividades facultativas, que podem revestir a forma de projetos, clubes, ateli\u00eas e bibliotecas, s\u00e3o ainda um instrumento de enriquecimento do curr\u00edculo. <br>\n          <br>\n          <br>Os projetos, clubes e ateli\u00eas podem ser criados por iniciativa dos professores ou do Diretor tendo em vista o enriquecimento do curr\u00edculo escolar e a valoriza\u00e7\u00e3o da cultura e dos saberes da comunidade, ocupando, de modo formativo, os per\u00edodos de perman\u00eancia no espa\u00e7o escolar. (in Regulamento Interno do AEC, outubro de 2021).\n        <\/p>\n      <\/div>\n    <\/section>\n    <section class=\"u-clearfix u-grey-5 u-section-4\" id=\"carousel_19b1\">\n      <div class=\"u-clearfix u-sheet u-valign-middle-md u-valign-middle-sm u-valign-middle-xs u-sheet-1\">\n        <div class=\"data-layout-selected u-clearfix u-expanded-width u-layout-wrap u-layout-wrap-1\">\n          <div class=\"u-layout\">\n            <div class=\"u-layout-row\">\n              <div class=\"u-container-style u-layout-cell u-size-30 u-layout-cell-1\">\n                <div class=\"u-container-layout u-valign-bottom-sm u-container-layout-1\">\n                  <h1 class=\"u-align-center u-text u-text-default u-text-1\" data-animation-name=\"customAnimationIn\" data-animation-duration=\"2000\" data-animation-delay=\"0\">Projeto eTwinning<\/h1>\n                  <a href=\"https:\/\/padlet.com\/armandinasilva1\/breakout-link\/nEw64OAbNlNGqaPB-5YprXg7yLJpXlJ0G\" class=\"u-active-palette-2-base u-border-none u-btn u-button-style u-custom-font u-heading-font u-hover-palette-2-light-2 u-palette-2-base u-btn-1\" target=\"_blank\">Ler Mais <\/a>\n                <\/div>\n              <\/div>\n              <div class=\"u-container-style u-layout-cell u-size-30 u-layout-cell-2\">\n                <div class=\"u-container-layout u-valign-middle-lg u-valign-middle-md u-valign-middle-sm u-valign-middle-xs u-container-layout-2\">\n                  <img decoding=\"async\" class=\"u-expanded-width u-image u-image-contain u-image-default u-image-1\" src=\"https:\/\/aecondeixa.pt\/wp-content\/uploads\/2024\/05\/etwinnig.jpg\" alt=\"\" data-image-width=\"539\" data-image-height=\"225\" data-animation-name=\"customAnimationIn\" data-animation-duration=\"2000\" data-animation-delay=\"0\">\n                <\/div>\n              <\/div>\n            <\/div>\n          <\/div>\n        <\/div>\n      <\/div>\n    <\/section>\n    <section class=\"u-align-center u-clearfix u-container-align-center u-section-5\" id=\"sec-ea13\">\n      <div class=\"u-clearfix u-sheet u-valign-middle u-sheet-1\">\n        <h1 class=\"u-align-center u-text u-text-default u-text-1\"> Escola Promotora de Sa\u00fade\/ Equipa de Sa\u00fade Escolar<\/h1>\n      <\/div>\n    <\/section>\n    <section class=\"u-clearfix u-section-6\" id=\"carousel_20ee\">\n      <img decoding=\"async\" class=\"u-expanded-width u-image u-image-1\" src=\"https:\/\/aecondeixa.pt\/wp-content\/uploads\/2024\/04\/determined-muscular-build-woman-running-while-exercising-nature-copy-space34-min.jpg\" data-image-width=\"2216\" data-image-height=\"1100\" data-animation-name=\"customAnimationIn\" data-animation-duration=\"1500\" data-animation-delay=\"500\">\n      <div class=\"u-container-style u-group u-palette-4-base u-radius-30 u-shape-round u-group-1\" data-animation-name=\"customAnimationIn\" data-animation-duration=\"1250\" data-animation-delay=\"500\">\n        <div class=\"u-container-layout u-container-layout-1\">\n          <h1 class=\"u-align-left u-text u-text-1\"> Espa\u00e7o Sa\u00fade<\/h1>\n          <p class=\"u-align-left u-large-text u-text u-text-variant u-text-2\">Consulta aqui os projetos promovidos pela tua escola, relativos \u00e0 sa\u00fade escolar<\/p>\n          <a href=\"https:\/\/aecondeixa.pt\/wp-content\/uploads\/2024\/04\/Espaosade.pdf\" class=\"u-align-left u-btn u-button-style u-file-link u-text-palette-4-base u-white u-btn-1\" target=\"_blank\"> Espa\u00e7o Sa\u00fade<\/a>\n          <a href=\"https:\/\/aecondeixa.pt\/wp-content\/uploads\/2024\/04\/EspaoSadeUCCCondeixa.pdf\" class=\"u-border-none u-btn u-button-style u-file-link u-grey-5 u-text-palette-4-base u-btn-2\" target=\"_blank\"> Espa\u00e7o Sa\u00fade UCC Condeixa<\/a>\n        <\/div>\n      <\/div>\n    <\/section>\n    <section class=\"u-clearfix u-section-7\" id=\"carousel_10a3\">\n      <div class=\"u-clearfix u-sheet u-valign-middle u-sheet-1\">\n        <div class=\"data-layout-selected u-clearfix u-expanded-width u-gutter-20 u-layout-wrap u-layout-wrap-1\">\n          <div class=\"u-layout\">\n            <div class=\"u-layout-row\">\n              <div class=\"u-container-align-center-sm u-container-align-center-xs u-container-style u-layout-cell u-shape-rectangle u-size-30 u-layout-cell-1\">\n                <div class=\"u-container-layout u-valign-middle-md u-container-layout-1\">\n                  <h2 class=\"u-align-center-sm u-align-center-xs u-text u-text-default-lg u-text-default-md u-text-default-xl u-text-1\">CLUBE \u200bCI\u00caNCIA VIVA<\/h2>\n                  <div class=\"u-expanded-width u-list u-list-1\">\n                    <div class=\"u-repeater u-repeater-1\">\n                      <div class=\"u-container-style u-list-item u-repeater-item\">\n                        <div class=\"u-container-layout u-similar-container u-valign-middle-md u-container-layout-2\">\n                          <span class=\"u-align-left u-icon u-icon-circle u-palette-3-base u-text-white u-icon-1\" data-animation-name=\"customAnimationIn\" data-animation-duration=\"2000\"><svg class=\"u-svg-link\" preserveAspectRatio=\"xMidYMin slice\" viewBox=\"0 0 54 54\" style=\"\"><use xlink:href=\"#svg-da1d\"><\/use><\/svg><svg class=\"u-svg-content\" viewBox=\"0 0 54 54\" x=\"0px\" y=\"0px\" id=\"svg-da1d\" style=\"enable-background:new 0 0 54 54;\"><g><path d=\"M27,8c-9.374,0-17,7.626-17,17c0,7.112,4.391,13.412,11,15.9V50c0,0.553,0.447,1,1,1h1v2c0,0.553,0.447,1,1,1h6\n\t\tc0.553,0,1-0.447,1-1v-2h1c0.553,0,1-0.447,1-1v-9.1c6.609-2.488,11-8.788,11-15.9C44,15.626,36.374,8,27,8z M30,49\n\t\tc-0.553,0-1,0.447-1,1v2h-4v-2c0-0.553-0.447-1-1-1h-1v-5h8v5H30z M31.688,39.242C31.277,39.377,31,39.761,31,40.192V42h-8v-1.808\n\t\tc0-0.432-0.277-0.815-0.688-0.95C16.145,37.214,12,31.49,12,25c0-8.271,6.729-15,15-15s15,6.729,15,15\n\t\tC42,31.49,37.855,37.214,31.688,39.242z\"><\/path><path d=\"M27,6c0.553,0,1-0.447,1-1V1c0-0.553-0.447-1-1-1s-1,0.447-1,1v4C26,5.553,26.447,6,27,6z\"><\/path><path d=\"M51,24h-4c-0.553,0-1,0.447-1,1s0.447,1,1,1h4c0.553,0,1-0.447,1-1S51.553,24,51,24z\"><\/path><path d=\"M7,24H3c-0.553,0-1,0.447-1,1s0.447,1,1,1h4c0.553,0,1-0.447,1-1S7.553,24,7,24z\"><\/path><path d=\"M43.264,7.322l-2.828,2.828c-0.391,0.391-0.391,1.023,0,1.414c0.195,0.195,0.451,0.293,0.707,0.293\n\t\ts0.512-0.098,0.707-0.293l2.828-2.828c0.391-0.391,0.391-1.023,0-1.414S43.654,6.932,43.264,7.322z\"><\/path><path d=\"M12.15,38.436l-2.828,2.828c-0.391,0.391-0.391,1.023,0,1.414c0.195,0.195,0.451,0.293,0.707,0.293\n\t\ts0.512-0.098,0.707-0.293l2.828-2.828c0.391-0.391,0.391-1.023,0-1.414S12.541,38.045,12.15,38.436z\"><\/path><path d=\"M41.85,38.436c-0.391-0.391-1.023-0.391-1.414,0s-0.391,1.023,0,1.414l2.828,2.828c0.195,0.195,0.451,0.293,0.707,0.293\n\t\ts0.512-0.098,0.707-0.293c0.391-0.391,0.391-1.023,0-1.414L41.85,38.436z\"><\/path><path d=\"M12.15,11.564c0.195,0.195,0.451,0.293,0.707,0.293s0.512-0.098,0.707-0.293c0.391-0.391,0.391-1.023,0-1.414l-2.828-2.828\n\t\tc-0.391-0.391-1.023-0.391-1.414,0s-0.391,1.023,0,1.414L12.15,11.564z\"><\/path><path d=\"M27,13c-6.617,0-12,5.383-12,12c0,0.553,0.447,1,1,1s1-0.447,1-1c0-5.514,4.486-10,10-10c0.553,0,1-0.447,1-1\n\t\tS27.553,13,27,13z\"><\/path>\n<\/g><\/svg><\/span>\n                          <p class=\"u-text u-text-2\"> O Clube Ci\u00eancia Viva do Agrupamento de escolas de Condeixa-a-Nova est\u00e1 inserido numa rede nacional destes projetos que t\u00eam como princ\u00edpios orientadores: desenvolver as compet\u00eancias de ordem pr\u00e1tica em laborat\u00f3rio, fomentar o gosto e a curiosidade pelo conhecimento cient\u00edfico, e sensibilizar os alunos para a aplicabilidade cient\u00edfica e tecnol\u00f3gica dos conte\u00fados abordados em sala de aula.<\/p>\n                          <a href=\"https:\/\/aecondeixa.pt\/?page_id=2010\" class=\"u-btn u-button-style u-hover-palette-1-dark-1 u-palette-1-base u-btn-1\">ler mais <\/a>\n                        <\/div>\n                      <\/div>\n                    <\/div>\n                  <\/div>\n                <\/div>\n              <\/div>\n              <div class=\"u-container-align-center-sm u-container-align-center-xs u-container-style u-layout-cell u-shape-rectangle u-size-30 u-layout-cell-2\" data-animation-name=\"customAnimationIn\" data-animation-duration=\"2000\">\n                <div class=\"u-container-layout u-container-layout-3\">\n                  <img decoding=\"async\" class=\"u-absolute-hcenter-lg u-absolute-hcenter-sm u-absolute-hcenter-xl u-absolute-hcenter-xs u-expanded-height u-image u-image-contain u-image-default u-image-1\" src=\"https:\/\/aecondeixa.pt\/wp-content\/uploads\/2024\/06\/13677911_5143541.png\" alt=\"\" data-image-width=\"977\" data-image-height=\"1581\">\n                <\/div>\n              <\/div>\n            <\/div>\n          <\/div>\n        <\/div>\n      <\/div>\n    <\/section>\n    \n    \n    \n    \n  \n<\/div>","protected":false},"excerpt":{"rendered":"<p>Grupo de Clubes\/Projetos As atividades abrangidas pela designa\u00e7\u00e3o gen\u00e9rica de Projetos de Desenvolvimento Educativo destinam-se a motivar os alunos para [&hellip;]<\/p>\n","protected":false},"author":1,"featured_media":0,"parent":0,"menu_order":0,"comment_status":"closed","ping_status":"closed","template":"","meta":{"site-sidebar-layout":"default","site-content-layout":"","ast-site-content-layout":"default","site-content-style":"default","site-sidebar-style":"default","ast-global-header-display":"","ast-banner-title-visibility":"","ast-main-header-display":"","ast-hfb-above-header-display":"","ast-hfb-below-header-display":"","ast-hfb-mobile-header-display":"","site-post-title":"","ast-breadcrumbs-content":"","ast-featured-img":"","footer-sml-layout":"","ast-disable-related-posts":"","theme-transparent-header-meta":"default","adv-header-id-meta":"","stick-header-meta":"","header-above-stick-meta":"","header-main-stick-meta":"","header-below-stick-meta":"","astra-migrate-meta-layouts":"set","ast-page-background-enabled":"default","ast-page-background-meta":{"desktop":{"background-color":"var(--ast-global-color-4)","background-image":"","background-repeat":"repeat","background-position":"center center","background-size":"auto","background-attachment":"scroll","background-type":"","background-media":"","overlay-type":"","overlay-color":"","overlay-opacity":"","overlay-gradient":""},"tablet":{"background-color":"","background-image":"","background-repeat":"repeat","background-position":"center center","background-size":"auto","background-attachment":"scroll","background-type":"","background-media":"","overlay-type":"","overlay-color":"","overlay-opacity":"","overlay-gradient":""},"mobile":{"background-color":"","background-image":"","background-repeat":"repeat","background-position":"center center","background-size":"auto","background-attachment":"scroll","background-type":"","background-media":"","overlay-type":"","overlay-color":"","overlay-opacity":"","overlay-gradient":""}},"ast-content-background-meta":{"desktop":{"background-color":"var(--ast-global-color-5)","background-image":"","background-repeat":"repeat","background-position":"center center","background-size":"auto","background-attachment":"scroll","background-type":"","background-media":"","overlay-type":"","overlay-color":"","overlay-opacity":"","overlay-gradient":""},"tablet":{"background-color":"var(--ast-global-color-5)","background-image":"","background-repeat":"repeat","background-position":"center center","background-size":"auto","background-attachment":"scroll","background-type":"","background-media":"","overlay-type":"","overlay-color":"","overlay-opacity":"","overlay-gradient":""},"mobile":{"background-color":"var(--ast-global-color-5)","background-image":"","background-repeat":"repeat","background-position":"center center","background-size":"auto","background-attachment":"scroll","background-type":"","background-media":"","overlay-type":"","overlay-color":"","overlay-opacity":"","overlay-gradient":""}},"footnotes":""},"class_list":["post-1677","page","type-page","status-publish","hentry"],"_links":{"self":[{"href":"https:\/\/aecondeixa.pt\/index.php?rest_route=\/wp\/v2\/pages\/1677","targetHints":{"allow":["GET"]}}],"collection":[{"href":"https:\/\/aecondeixa.pt\/index.php?rest_route=\/wp\/v2\/pages"}],"about":[{"href":"https:\/\/aecondeixa.pt\/index.php?rest_route=\/wp\/v2\/types\/page"}],"author":[{"embeddable":true,"href":"https:\/\/aecondeixa.pt\/index.php?rest_route=\/wp\/v2\/users\/1"}],"replies":[{"embeddable":true,"href":"https:\/\/aecondeixa.pt\/index.php?rest_route=%2Fwp%2Fv2%2Fcomments&post=1677"}],"version-history":[{"count":9,"href":"https:\/\/aecondeixa.pt\/index.php?rest_route=\/wp\/v2\/pages\/1677\/revisions"}],"predecessor-version":[{"id":3147,"href":"https:\/\/aecondeixa.pt\/index.php?rest_route=\/wp\/v2\/pages\/1677\/revisions\/3147"}],"wp:attachment":[{"href":"https:\/\/aecondeixa.pt\/index.php?rest_route=%2Fwp%2Fv2%2Fmedia&parent=1677"}],"curies":[{"name":"wp","href":"https:\/\/api.w.org\/{rel}","templated":true}]}}