{"id":2093,"date":"2024-06-25T22:50:08","date_gmt":"2024-06-25T22:50:08","guid":{"rendered":"http:\/\/aecondeixa.pt\/wordpress\/?page_id=2093"},"modified":"2025-10-20T22:39:18","modified_gmt":"2025-10-20T22:39:18","slug":"2093-2","status":"publish","type":"page","link":"https:\/\/aecondeixa.pt\/?page_id=2093","title":{"rendered":"Escola_Secundaria"},"content":{"rendered":"<div class=\"\" style=\"\" >\n  \n    \n    <section class=\"u-clearfix u-section-2\" id=\"sec-b0f7\">\n      <div class=\"u-clearfix u-sheet u-valign-middle-lg u-valign-middle-md u-valign-middle-xl u-sheet-1\">\n        <div class=\"data-layout-selected u-clearfix u-expanded-width u-layout-wrap u-layout-wrap-1\">\n          <div class=\"u-layout\">\n            <div class=\"u-layout-row\">\n              <div class=\"u-container-style u-layout-cell u-size-30 u-layout-cell-1\">\n                <div class=\"u-container-layout u-container-layout-1\">\n                  <h5 class=\"u-align-left u-text u-text-1\">E. B\u00e1sica 2 | Fernando Namora de Condeixa-a-Nova<\/h5>\n                  <h2 class=\"u-align-left u-text u-text-2\"> Espa\u00e7o para pais e encarregados de educa\u00e7\u00e3o<\/h2>\n                  <p class=\"u-align-left u-text u-text-default u-text-3\"> P\u00e1gina com informa\u00e7\u00e3o referente \u00e0 escola.<\/p>\n                  <ul class=\"u-custom-list u-spacing-20 u-text u-text-default u-text-4\">\n                    <li style=\"padding-left: 20px;\">\n                      <div class=\"u-list-icon u-text-palette-2-base\">\n                        <svg class=\"u-svg-content\" viewBox=\"0 0 512 512\" id=\"svg-9c37\" style=\"font-size: 1.2em; margin: -1.2em;\"><path d=\"m433.1 67.1-231.8 231.9c-6.2 6.2-16.4 6.2-22.6 0l-99.8-99.8-78.9 78.8 150.5 150.5c10.5 10.5 24.6 16.3 39.4 16.3 14.8 0 29-5.9 39.4-16.3l282.7-282.5z\" fill=\"currentColor\"><\/path><\/svg>\n                      <\/div> Artigos&nbsp;\n                    <\/li>\n                    <li style=\"padding-left: 20px;\">\n                      <div class=\"u-list-icon u-text-palette-2-base\">\n                        <svg class=\"u-svg-content\" viewBox=\"0 0 512 512\" id=\"svg-9c37\" style=\"font-size: 1.2em; margin: -1.2em;\"><path d=\"m433.1 67.1-231.8 231.9c-6.2 6.2-16.4 6.2-22.6 0l-99.8-99.8-78.9 78.8 150.5 150.5c10.5 10.5 24.6 16.3 39.4 16.3 14.8 0 29-5.9 39.4-16.3l282.7-282.5z\" fill=\"currentColor\"><\/path><\/svg>\n                      <\/div>Informa\u00e7\u00f5es\n                    <\/li>\n                    <li style=\"padding-left: 20px;\">\n                      <div class=\"u-list-icon u-text-palette-2-base\">\n                        <svg class=\"u-svg-content\" viewBox=\"0 0 512 512\" id=\"svg-9c37\" style=\"font-size: 1.2em; margin: -1.2em;\"><path d=\"m433.1 67.1-231.8 231.9c-6.2 6.2-16.4 6.2-22.6 0l-99.8-99.8-78.9 78.8 150.5 150.5c10.5 10.5 24.6 16.3 39.4 16.3 14.8 0 29-5.9 39.4-16.3l282.7-282.5z\" fill=\"currentColor\"><\/path><\/svg>\n                      <\/div>Reuni\u00f5es\n                    <\/li>\n                    <li style=\"padding-left: 20px;\">\n                      <div class=\"u-list-icon u-text-palette-2-base\">\n                        <svg class=\"u-svg-content\" viewBox=\"0 0 512 512\" id=\"svg-9c37\" style=\"font-size: 1.2em; margin: -1.2em;\"><path d=\"m433.1 67.1-231.8 231.9c-6.2 6.2-16.4 6.2-22.6 0l-99.8-99.8-78.9 78.8 150.5 150.5c10.5 10.5 24.6 16.3 39.4 16.3 14.8 0 29-5.9 39.4-16.3l282.7-282.5z\" fill=\"currentColor\"><\/path><\/svg>\n                      <\/div>Protocolos\n                    <\/li>\n                    <li style=\"padding-left: 20px;\">\n                      <div class=\"u-list-icon u-text-palette-2-base\">\n                        <svg class=\"u-svg-content\" viewBox=\"0 0 512 512\" id=\"svg-9c37\" style=\"font-size: 1.2em; margin: -1.2em;\"><path d=\"m433.1 67.1-231.8 231.9c-6.2 6.2-16.4 6.2-22.6 0l-99.8-99.8-78.9 78.8 150.5 150.5c10.5 10.5 24.6 16.3 39.4 16.3 14.8 0 29-5.9 39.4-16.3l282.7-282.5z\" fill=\"currentColor\"><\/path><\/svg>\n                      <\/div>Outras informa\u00e7\u00f5es relevantes\n                    <\/li>\n                  <\/ul>\n                <\/div>\n              <\/div>\n              <div class=\"u-container-align-center u-container-style u-image u-layout-cell u-size-30 u-image-1\" data-image-width=\"880\" data-image-height=\"563\" style=\"background-image: url(&quot;https:\/\/aecondeixa.pt\/wp-content\/uploads\/2024\/07\/ES_FernandoNamora_50.jpg&quot;);\">\n                <div class=\"u-container-layout u-container-layout-2\"><\/div>\n              <\/div>\n            <\/div>\n          <\/div>\n        <\/div>\n      <\/div>\n    <\/section>\n    <section class=\"u-clearfix u-grey-5 u-section-3\" id=\"sec-503d\">\n      <div class=\"u-clearfix u-sheet u-sheet-1\">\n        <h3 class=\"u-text u-text-1\"><b>QUEM SOMOS<\/b>\n        <\/h3>\n        <p class=\"u-text u-text-2\"> A Associa\u00e7\u00e3o de Pais e Encarregados de Educa\u00e7\u00e3o da Escola B\u00e1sica n.\u00ba 2 e Secund\u00e1ria Fernando Namora \u00e9 uma institui\u00e7\u00e3o sem fins lucrativos dirigida por pais e encarregados de educa\u00e7\u00e3o em regime de voluntariado. <br>\n          <br>Tem como objetivo fomentar a colabora\u00e7\u00e3o permanente entre pais e encarregados de educa\u00e7\u00e3o, corpo docente, dire\u00e7\u00e3o da escola e restante comunidade escolar, visando o sucesso escolar dos alunos atrav\u00e9s da sua forma\u00e7\u00e3o social, intelectual, cultural e \u00e9tica.\n        <\/p>\n      <\/div>\n    <\/section>\n    <section class=\"u-align-center u-clearfix u-container-align-center u-container-align-center-lg u-container-align-center-md u-container-align-center-xl u-palette-5-light-2 u-section-4\" id=\"carousel_8ec4\">\n      <div class=\"u-clearfix u-sheet u-valign-middle u-sheet-1\">\n        <h2 class=\"u-align-center u-text u-text-default u-text-1\" data-animation-name=\"customAnimationIn\" data-animation-duration=\"1500\"><b>VIS\u00c3O<\/b>\n        <\/h2>\n        <div class=\"custom-expanded u-list u-list-1\">\n          <div class=\"u-repeater u-repeater-1\">\n            <div class=\"u-align-left u-container-align-left u-container-style u-list-item u-repeater-item u-shape-rectangle u-list-item-1\" data-animation-direction=\"Up\" data-animation-name=\"customAnimationIn\" data-animation-duration=\"1500\" data-animation-delay=\"500\">\n              <div class=\"u-container-layout u-similar-container u-valign-top u-container-layout-1\">\n                <h3 class=\"u-align-left u-custom-font u-text u-text-default u-text-font u-text-palette-1-base u-text-2\">01<\/h3>\n                <h3 class=\"u-align-left u-text u-text-default u-text-3\"> Integridade<\/h3>\n                <p class=\"u-align-left u-text u-text-4\"> Ser uma parceira decisiva e de confian\u00e7a.<br>\n                <\/p>\n              <\/div>\n            <\/div>\n            <div class=\"u-align-left u-container-align-left u-container-style u-list-item u-repeater-item u-shape-rectangle u-list-item-2\" data-animation-direction=\"Up\" data-animation-name=\"customAnimationIn\" data-animation-duration=\"1500\" data-animation-delay=\"750\">\n              <div class=\"u-container-layout u-similar-container u-valign-top u-container-layout-2\">\n                <h3 class=\"u-align-left u-custom-font u-text u-text-default u-text-font u-text-palette-1-base u-text-5\">02<\/h3>\n                <h3 class=\"u-align-left u-text u-text-default u-text-6\"> Colabora\u00e7\u00e3o<\/h3>\n                <p class=\"u-align-left u-text u-text-7\"> Prestar apoio e suporte aos pais e encarregados de educa\u00e7\u00e3o, alunos e comunidade escolar.<\/p>\n              <\/div>\n            <\/div>\n            <div class=\"u-align-left u-container-align-left u-container-style u-list-item u-repeater-item u-shape-rectangle u-list-item-3\" data-animation-direction=\"Up\" data-animation-name=\"customAnimationIn\" data-animation-duration=\"1500\" data-animation-delay=\"750\">\n              <div class=\"u-container-layout u-similar-container u-valign-top u-container-layout-3\">\n                <h3 class=\"u-align-left u-custom-font u-text u-text-default u-text-font u-text-palette-1-base u-text-8\">03<\/h3>\n                <h3 class=\"u-align-left u-text u-text-default u-text-9\"> Pensamento futuro<\/h3>\n                <p class=\"u-align-left u-text u-text-10\"> Contribuir para o desenvolvimento e fortalecimento de rela\u00e7\u00f5es institucionais entre todos os parceiros da comunidade escolar, no sentido de se tornar refer\u00eancia para o associativismo educativo.<\/p>\n              <\/div>\n            <\/div>\n          <\/div>\n        <\/div>\n      <\/div>\n    <\/section>\n    <section class=\"u-clearfix u-grey-5 u-section-5\" id=\"carousel_cc2a\">\n      <div class=\"u-clearfix u-sheet u-sheet-1\">\n        <h3 class=\"u-text u-text-1\"><b>MISS\u00c3O<\/b>\n        <\/h3>\n        <p class=\"u-text u-text-2\"> A Associa\u00e7\u00e3o de Pais tem por finalidade congregar, coordenar, coordenar, dinamizar, defender e representar os interesses e direitos dos Pais e Encarregados de Educa\u00e7\u00e3o, em rela\u00e7\u00e3o aos seus filhos e educandos, no que concerne \u00e0 educa\u00e7\u00e3o e a toda a vida escolar, em conformidade com as leis em vigor e com os regulamentos aprovados em assembleia geral.<br>\n          <br>A Associa\u00e7\u00e3o de Pais intervir\u00e1 como parceiro social, junto dos \u00f3rg\u00e3os da Escola e do Minist\u00e9rio da Educa\u00e7\u00e3o, autoridades e institui\u00e7\u00f5es locais e regionais, de modo a possibilitar e facilitar o exerc\u00edcio do direito e cumprimento dos deveres que cabem aos pais, como principais respons\u00e1veis, de orientarem e participarem ativamente na educa\u00e7\u00e3o integral dos seus filhos\/educandos.\n        <\/p>\n      <\/div>\n    <\/section>\n    <section class=\"u-clearfix u-grey-5 u-section-6\" id=\"carousel_03f0\">\n      <div class=\"u-clearfix u-sheet u-sheet-1\">\n        <h3 class=\"u-text u-text-1\"> ESTATUTOS<\/h3>\n        <p class=\"u-text u-text-2\"> ASSOCIA\u00c7\u00c3O DE PAIS E ENCARREGADOS DE EDUCA\u00c7\u00c3O DOS ALUNOS <br>DA&nbsp;ESCOLA BASICA N.\u00ba 2&nbsp;DE&nbsp;CONDEIXA-A-NOVA\n        <\/p>\n        <a href=\"https:\/\/aecondeixa.pt\/wp-content\/uploads\/2024\/11\/Estatutos_2010.pdf\" class=\"u-btn u-button-style u-file-link u-hover-palette-1-dark-1 u-palette-1-base u-btn-1\" target=\"_blank\">LER MAIS<\/a>\n      <\/div>\n    <\/section>\n    <section class=\"u-clearfix u-container-align-center u-section-7\" id=\"carousel_68a6\">\n      <div class=\"u-clearfix u-sheet u-valign-middle u-sheet-1\">\n        <div class=\"data-layout-selected u-clearfix u-expanded-width u-layout-wrap u-layout-wrap-1\">\n          <div class=\"u-layout\">\n            <div class=\"u-layout-row\">\n              <div class=\"u-container-align-center-sm u-container-align-center-xs u-container-style u-grey-5 u-layout-cell u-size-30 u-layout-cell-1\">\n                <div class=\"u-container-layout u-container-layout-1\">\n                  <h2 class=\"u-text u-text-default u-text-1\"><b>VALORES<\/b>\n                  <\/h2>\n                  <p class=\"u-text u-text-default u-text-2\"> Consci\u00eancia e Responsabilidade Social,&nbsp;espelhada no que se segue:<\/p>\n                  <ul class=\"u-spacing-20 u-text u-text-3\">\n                    <li>Defesa do superior interesse da crian\u00e7a <\/li>\n                    <li>Fam\u00edlia ativa<\/li>\n                    <li>&nbsp; &nbsp; &nbsp;Respeito<\/li>\n                    <li>&nbsp; &nbsp; &nbsp;\u200bHonestidade<\/li>\n                    <li>&nbsp; &nbsp; &nbsp;Confian\u00e7a<\/li>\n                    <li>&nbsp; &nbsp; &nbsp;Colabora\u00e7\u00e3o<\/li>\n                    <li>&nbsp; &nbsp; &nbsp;Coopera\u00e7\u00e3o<\/li>\n                    <li>Entreajuda<\/li>\n                  <\/ul>\n                <\/div>\n              <\/div>\n              <div class=\"u-container-style u-image u-layout-cell u-shape-rectangle u-size-30 u-image-1\" data-image-width=\"2000\" data-image-height=\"1333\" style=\"background-image: url(&quot;https:\/\/aecondeixa.pt\/wp-content\/uploads\/2024\/11\/14595.jpg&quot;);\">\n                <div class=\"u-container-layout u-container-layout-2\"><\/div>\n              <\/div>\n            <\/div>\n          <\/div>\n        <\/div>\n      <\/div>\n    <\/section>\n    <section class=\"u-clearfix u-container-align-center u-section-8\" id=\"sec-2955\">\n      <div class=\"u-clearfix u-sheet u-sheet-1\">\n        <div class=\"data-layout-selected u-clearfix u-expanded-width u-gutter-0 u-layout-wrap u-layout-wrap-1\">\n          <div class=\"u-layout\" style=\"\">\n            <div class=\"u-layout-row\" style=\"\">\n              <div class=\"u-align-center u-container-align-center u-container-style u-layout-cell u-right-cell u-size-60 u-size-xs-60 u-layout-cell-1\" src=\"\">\n                <div class=\"u-container-layout u-container-layout-1\" src=\"\">\n                  <img decoding=\"async\" class=\"custom-expanded u-image u-image-1\" src=\"https:\/\/aecondeixa.pt\/wp-content\/uploads\/2024\/11\/Comoserassociado.jpg\" data-image-width=\"1600\" data-image-height=\"2000\">\n                <\/div>\n              <\/div>\n            <\/div>\n          <\/div>\n        <\/div>\n        <a href=\"https:\/\/forms.gle\/pMmFYUPw1yEJu2dNA\" class=\"u-btn u-button-style u-hover-palette-1-dark-1 u-palette-1-base u-btn-1\" target=\"_blank\">Ficha de Inscri\u00e7\u00e3o<\/a>\n      <\/div>\n    <\/section>\n    <section class=\"u-clearfix u-grey-5 u-section-9\" id=\"Protocolos\">\n      <div class=\"u-clearfix u-sheet u-sheet-1\">\n        <h3 class=\"u-align-center u-text u-text-1\"> PROTOCOLO DE COLABORA\u00c7\u00c3O<\/h3>\n        <p class=\"u-align-center u-text u-text-2\"> Entre:&nbsp;Associa\u00e7\u00e3o de Pais e Encarregados de Educa\u00e7\u00e3o da Escola B\u00e1sica n.\u00ba 2 e Secund\u00e1ria Fernando Namora<br>e<br>O Espa\u00e7o FamiliarMente\n        <\/p>\n        <a href=\"https:\/\/aecondeixa.pt\/wp-content\/uploads\/2024\/11\/Protocolo_colaboracao_espaco_familiarmente_signed.pdf\" class=\"u-btn u-button-style u-file-link u-hover-palette-1-dark-1 u-palette-1-base u-btn-1\" target=\"_blank\">LER MAIS<\/a>\n      <\/div>\n    <\/section>\n    <section class=\"u-clearfix u-grey-5 u-section-10\" id=\"sec-466d\">\n      <div class=\"u-clearfix u-sheet u-sheet-1\">\n        <h3 class=\"u-align-center u-text u-text-1\"> PROTOCOLO DE COLABORA\u00c7\u00c3O<\/h3>\n        <p class=\"u-align-center u-text u-text-2\"> Entre:&nbsp;Associa\u00e7\u00e3o de Pais e Encarregados de Educa\u00e7\u00e3o da Escola B\u00e1sica n.\u00ba 2 e Secund\u00e1ria Fernando Namora<br>e<br> Cl\u00ednica Sara Serra\n        <\/p>\n        <a href=\"https:\/\/aecondeixa.pt\/wp-content\/uploads\/2025\/10\/Minuta_Protocolo_de_Colaboracao_APais_Final.pdf\" class=\"u-btn u-button-style u-file-link u-hover-palette-1-dark-1 u-palette-1-base u-btn-1\" target=\"_blank\">LER MAIS<\/a>\n      <\/div>\n    <\/section>\n    <section class=\"u-clearfix u-palette-1-light-3 u-section-11\" id=\"carousel_e023\">\n      <div class=\"u-clearfix u-sheet u-sheet-1\">\n        <div class=\"custom-expanded data-layout-selected u-clearfix u-gutter-0 u-layout-wrap u-layout-wrap-1\">\n          <div class=\"u-gutter-0 u-layout\">\n            <div class=\"u-layout-row\">\n              <div class=\"u-size-30-xl u-size-31-lg u-size-31-sm u-size-31-xs u-size-60-md\">\n                <div class=\"u-layout-col\">\n                  <div class=\"u-size-40\">\n                    <div class=\"u-layout-row\">\n                      <div class=\"u-container-style u-layout-cell u-shape-rectangle u-size-60 u-layout-cell-1\">\n                        <div class=\"u-container-layout u-container-layout-1\">\n                          <h2 class=\"u-align-left u-text u-text-default u-text-1\" data-animation-name=\"flipIn\" data-animation-duration=\"1200\" data-animation-delay=\"500\" data-animation-direction=\"X\"> \"Casa cheia no Sarau Musical Solid\u00e1rio\"<\/h2>\n                          <div class=\"u-align-left u-expanded-width u-list u-list-1\">\n                            <div class=\"u-repeater u-repeater-1\">\n                              <div class=\"u-align-center u-container-align-center u-container-align-left-xl u-container-style u-list-item u-repeater-item u-shape-rectangle u-list-item-1\" data-animation-name=\"customAnimationIn\" data-animation-duration=\"1500\" data-animation-delay=\"500\">\n                                <div class=\"u-container-layout u-similar-container u-container-layout-2\">\n                                  <p class=\"u-align-left u-large-text u-text u-text-variant u-text-2\">Na passada sexta-feira, dia 06 de dezembro, pelas 21h, a Casa do Povo <br>de Condeixa encheu-se de boa m\u00fasica e de muito talento. <br>O Sarau Musical Solid\u00e1rio, organizado pela APais e pelo Agrupamento de&nbsp;Escolas de Condeixa, contou com a participa\u00e7\u00e3o especial da Orquestra&nbsp;Juvenil da Banda do Cercal, Tiago Taborda Live Sax, Audi\u00e7\u00e3o Musical de&nbsp;Natal realizada pelos nossos alunos e a Orquestra do Agrupamento de&nbsp;Escolas de Condeixa. <br>Este Sarau Musical tinha um car\u00e1ter solid\u00e1rio, cuja recolha de bens <br>permitir\u00e1 aos nossos alunos carenciados terem um Natal diferente. <br>Muito obrigada a Tod@s os que tornaram esta noite memor\u00e1vel e que <br>encheu os nossos cora\u00e7\u00f5es.\n                                  <\/p>\n                                <\/div>\n                              <\/div>\n                            <\/div>\n                          <\/div>\n                        <\/div>\n                      <\/div>\n                    <\/div>\n                  <\/div>\n                  <div class=\"u-size-20\">\n                    <div class=\"u-layout-row\">\n                      <div class=\"u-container-style u-layout-cell u-size-60 u-layout-cell-2\" data-animation-name=\"customAnimationIn\" data-animation-duration=\"1500\" data-animation-delay=\"500\">\n                        <div class=\"u-container-layout u-container-layout-3\"><\/div>\n                      <\/div>\n                    <\/div>\n                  <\/div>\n                <\/div>\n              <\/div>\n              <div class=\"u-size-29-lg u-size-29-sm u-size-29-xs u-size-30-xl u-size-60-md\">\n                <div class=\"u-layout-col\">\n                  <div class=\"u-align-center u-container-align-center u-container-style u-image u-image-round u-layout-cell u-radius u-shape-rectangle u-size-60 u-image-1\" data-image-width=\"1587\" data-image-height=\"2245\" data-animation-name=\"customAnimationIn\" data-animation-duration=\"1500\" data-animation-delay=\"200\" style=\"background-image: url(&quot;https:\/\/aecondeixa.pt\/wp-content\/uploads\/2024\/12\/fotos_sarau.jpg&quot;);\">\n                    <div class=\"u-container-layout u-valign-middle u-container-layout-4\" src=\"\"><\/div>\n                  <\/div>\n                <\/div>\n              <\/div>\n            <\/div>\n          <\/div>\n        <\/div>\n      <\/div>\n    <\/section>\n    <section class=\"skrollable u-clearfix u-grey-10 u-section-12\" id=\"carousel_1f6a\">\n      <div class=\"u-clearfix u-sheet u-valign-middle-lg u-valign-middle-md u-valign-middle-sm u-valign-middle-xl u-sheet-1\">\n        <div class=\"u-expanded-width u-list u-list-1\">\n          <div class=\"u-repeater u-repeater-1\">\n            <div class=\"u-align-center u-container-align-center u-container-style u-custom-item u-gradient u-list-item u-repeater-item u-list-item-1\">\n              <div class=\"u-container-layout u-similar-container u-valign-top u-container-layout-1\">\n                <span class=\"u-icon u-icon-circle u-text-white u-icon-1\"><svg class=\"u-svg-link\" preserveAspectRatio=\"xMidYMin slice\" viewBox=\"0 0 52 52\" style=\"\"><use xlink:href=\"#svg-077e\"><\/use><\/svg><svg class=\"u-svg-content\" viewBox=\"0 0 52 52\" x=\"0px\" y=\"0px\" id=\"svg-077e\" style=\"enable-background:new 0 0 52 52;\"><path style=\"fill:currentColor;\" d=\"M38.853,5.324L38.853,5.324c-7.098-7.098-18.607-7.098-25.706,0h0\n\tC6.751,11.72,6.031,23.763,11.459,31L26,52l14.541-21C45.969,23.763,45.249,11.72,38.853,5.324z M26.177,24c-3.314,0-6-2.686-6-6\n\ts2.686-6,6-6s6,2.686,6,6S29.491,24,26.177,24z\"><\/path><\/svg><\/span>\n                <h5 class=\"u-custom-font u-text u-text-body-alt-color u-text-font u-text-1\">Endere\u00e7o<\/h5>\n                <p class=\"u-text u-text-body-alt-color u-text-2\"> Associa\u00e7\u00e3o de Pais e Encarregados de Educa\u00e7\u00e3o da Escola B\u00e1sica n.\u00ba 2 e Secund\u00e1ria Fernando Namora <br>\n                  <br>Rua Conde Ferreira <br>\n                  <br>3150-157 Condeixa-a-Nova\n                <\/p>\n              <\/div>\n            <\/div>\n            <div class=\"u-align-center u-container-align-center u-container-style u-custom-item u-gradient u-list-item u-repeater-item u-list-item-2\">\n              <div class=\"u-container-layout u-similar-container u-valign-top u-container-layout-2\">\n                <span class=\"u-icon u-icon-circle u-text-white u-icon-2\"><svg class=\"u-svg-link\" preserveAspectRatio=\"xMidYMin slice\" viewBox=\"0 0 512 512\" style=\"\"><use xlink:href=\"#svg-9f82\"><\/use><\/svg><svg class=\"u-svg-content\" viewBox=\"0 0 512 512\" x=\"0px\" y=\"0px\" id=\"svg-9f82\" style=\"enable-background:new 0 0 512 512;\"><g><g><path d=\"M507.49,101.721L352.211,256L507.49,410.279c2.807-5.867,4.51-12.353,4.51-19.279V121    C512,114.073,510.297,107.588,507.49,101.721z\"><\/path>\n<\/g>\n<\/g><g><g><path d=\"M467,76H45c-6.927,0-13.412,1.703-19.279,4.51l198.463,197.463c17.548,17.548,46.084,17.548,63.632,0L486.279,80.51    C480.412,77.703,473.927,76,467,76z\"><\/path>\n<\/g>\n<\/g><g><g><path d=\"M4.51,101.721C1.703,107.588,0,114.073,0,121v270c0,6.927,1.703,13.413,4.51,19.279L159.789,256L4.51,101.721z\"><\/path>\n<\/g>\n<\/g><g><g><path d=\"M331,277.211l-21.973,21.973c-29.239,29.239-76.816,29.239-106.055,0L181,277.211L25.721,431.49    C31.588,434.297,38.073,436,45,436h422c6.927,0,13.412-1.703,19.279-4.51L331,277.211z\"><\/path>\n<\/g>\n<\/g><\/svg><\/span>\n                <h5 class=\"u-custom-font u-text u-text-body-alt-color u-text-font u-text-3\">E-mail<\/h5>\n                <p class=\"u-text u-text-body-alt-color u-text-4\">\n                  <a href=\"mailto:apeb23condeixa@gmail.com\" class=\"u-active-none u-border-1 u-border-active-palette-1-light-2 u-border-hover-palette-1-light-2 u-border-white u-btn u-btn-2 u-button-link u-button-style u-hover-none u-none u-text-active-white u-text-hover-white u-text-palette-1-base\"> apeb23condeixa@gmail.com<\/a>\n                <\/p>\n              <\/div>\n            <\/div>\n          <\/div>\n        <\/div>\n      <\/div>\n    <\/section>\n    \n    \n    \n  \n<\/div>","protected":false},"excerpt":{"rendered":"<p>E. B\u00e1sica 2 | Fernando Namora de Condeixa-a-Nova Espa\u00e7o para pais e encarregados de educa\u00e7\u00e3o P\u00e1gina com informa\u00e7\u00e3o referente \u00e0 [&hellip;]<\/p>\n","protected":false},"author":1,"featured_media":0,"parent":0,"menu_order":0,"comment_status":"closed","ping_status":"closed","template":"","meta":{"site-sidebar-layout":"default","site-content-layout":"","ast-site-content-layout":"default","site-content-style":"default","site-sidebar-style":"default","ast-global-header-display":"","ast-banner-title-visibility":"","ast-main-header-display":"","ast-hfb-above-header-display":"","ast-hfb-below-header-display":"","ast-hfb-mobile-header-display":"","site-post-title":"","ast-breadcrumbs-content":"","ast-featured-img":"","footer-sml-layout":"","ast-disable-related-posts":"","theme-transparent-header-meta":"","adv-header-id-meta":"","stick-header-meta":"","header-above-stick-meta":"","header-main-stick-meta":"","header-below-stick-meta":"","astra-migrate-meta-layouts":"default","ast-page-background-enabled":"default","ast-page-background-meta":{"desktop":{"background-color":"var(--ast-global-color-4)","background-image":"","background-repeat":"repeat","background-position":"center center","background-size":"auto","background-attachment":"scroll","background-type":"","background-media":"","overlay-type":"","overlay-color":"","overlay-opacity":"","overlay-gradient":""},"tablet":{"background-color":"","background-image":"","background-repeat":"repeat","background-position":"center center","background-size":"auto","background-attachment":"scroll","background-type":"","background-media":"","overlay-type":"","overlay-color":"","overlay-opacity":"","overlay-gradient":""},"mobile":{"background-color":"","background-image":"","background-repeat":"repeat","background-position":"center center","background-size":"auto","background-attachment":"scroll","background-type":"","background-media":"","overlay-type":"","overlay-color":"","overlay-opacity":"","overlay-gradient":""}},"ast-content-background-meta":{"desktop":{"background-color":"var(--ast-global-color-5)","background-image":"","background-repeat":"repeat","background-position":"center center","background-size":"auto","background-attachment":"scroll","background-type":"","background-media":"","overlay-type":"","overlay-color":"","overlay-opacity":"","overlay-gradient":""},"tablet":{"background-color":"var(--ast-global-color-5)","background-image":"","background-repeat":"repeat","background-position":"center center","background-size":"auto","background-attachment":"scroll","background-type":"","background-media":"","overlay-type":"","overlay-color":"","overlay-opacity":"","overlay-gradient":""},"mobile":{"background-color":"var(--ast-global-color-5)","background-image":"","background-repeat":"repeat","background-position":"center center","background-size":"auto","background-attachment":"scroll","background-type":"","background-media":"","overlay-type":"","overlay-color":"","overlay-opacity":"","overlay-gradient":""}},"footnotes":""},"class_list":["post-2093","page","type-page","status-publish","hentry"],"_links":{"self":[{"href":"https:\/\/aecondeixa.pt\/index.php?rest_route=\/wp\/v2\/pages\/2093","targetHints":{"allow":["GET"]}}],"collection":[{"href":"https:\/\/aecondeixa.pt\/index.php?rest_route=\/wp\/v2\/pages"}],"about":[{"href":"https:\/\/aecondeixa.pt\/index.php?rest_route=\/wp\/v2\/types\/page"}],"author":[{"embeddable":true,"href":"https:\/\/aecondeixa.pt\/index.php?rest_route=\/wp\/v2\/users\/1"}],"replies":[{"embeddable":true,"href":"https:\/\/aecondeixa.pt\/index.php?rest_route=%2Fwp%2Fv2%2Fcomments&post=2093"}],"version-history":[{"count":20,"href":"https:\/\/aecondeixa.pt\/index.php?rest_route=\/wp\/v2\/pages\/2093\/revisions"}],"predecessor-version":[{"id":2941,"href":"https:\/\/aecondeixa.pt\/index.php?rest_route=\/wp\/v2\/pages\/2093\/revisions\/2941"}],"wp:attachment":[{"href":"https:\/\/aecondeixa.pt\/index.php?rest_route=%2Fwp%2Fv2%2Fmedia&parent=2093"}],"curies":[{"name":"wp","href":"https:\/\/api.w.org\/{rel}","templated":true}]}}