{"id":2161,"date":"2024-07-04T11:37:35","date_gmt":"2024-07-04T11:37:35","guid":{"rendered":"http:\/\/aecondeixa.pt\/wordpress\/?page_id=2161"},"modified":"2024-09-24T01:59:03","modified_gmt":"2024-09-24T01:59:03","slug":"escola-digital-informacao","status":"publish","type":"page","link":"https:\/\/aecondeixa.pt\/?page_id=2161","title":{"rendered":"ESCOLA DIGITAL | INFORMA\u00c7\u00c3O"},"content":{"rendered":"<div class=\"\" style=\"\" >\n  \n    \n    <section class=\"u-align-center u-clearfix u-container-align-center u-file-link u-section-2\" id=\"carousel_8b8f\" data-href=\"https:\/\/aecondeixa.pt\/wp-content\/uploads\/2024\/07\/DNS.pdf\" title=\"dns-pdf\" data-target=\"_blank\">\n      <div class=\"data-layout-selected u-clearfix u-layout-wrap u-layout-wrap-1\">\n        <div class=\"u-layout\">\n          <div class=\"u-layout-row\">\n            <div class=\"u-align-left u-container-align-left u-container-style u-layout-cell u-size-24-lg u-size-24-xl u-size-60-md u-size-60-sm u-size-60-xs u-layout-cell-1\" data-animation-name=\"customAnimationIn\" data-animation-duration=\"1500\" data-animation-delay=\"250\">\n              <div class=\"u-container-layout u-valign-middle u-container-layout-1\">\n                <h1 class=\"u-align-left u-custom-font u-font-pt-sans u-text u-text-palette-2-base u-title u-text-1\" data-animation-name=\"customAnimationIn\" data-animation-duration=\"1500\" data-animation-delay=\"0\"><b><\/b> ESCOLA DIGITAL | INFORMA\u00c7\u00c3O \n                <\/h1>\n                <p class=\"u-align-left u-text u-text-2\" data-animation-name=\"customAnimationIn\" data-animation-duration=\"1500\" data-animation-delay=\"500\"> Informa\u00e7\u00f5es Gerais sobre a Escola Digital para pais e alunos <\/p>\n                <a href=\"#\" class=\"u-active-palette-2-base u-align-center u-border-none u-btn u-button-style u-gradient u-hover-palette-2-base u-none u-text-active-grey-15 u-text-body-alt-color u-text-hover-grey-10 u-btn-1\" data-animation-name=\"customAnimationIn\" data-animation-duration=\"1500\" data-animation-delay=\"500\">Problemas\u200b no Acesso \u00e0 internet<br>Ver mais\n                <\/a>\n              <\/div>\n            <\/div>\n            <div class=\"u-align-left u-container-align-left u-container-style u-image u-image-default u-layout-cell u-size-36-lg u-size-36-xl u-size-60-md u-size-60-sm u-size-60-xs u-image-1\" data-image-width=\"1230\" data-image-height=\"1200\" data-animation-name=\"customAnimationIn\" data-animation-duration=\"1500\" data-animation-delay=\"500\" style=\"background-image: url(&quot;https:\/\/aecondeixa.pt\/wp-content\/uploads\/2024\/07\/bg.jpg&quot;);\">\n              <div class=\"u-container-layout u-container-layout-2\"><\/div>\n            <\/div>\n          <\/div>\n        <\/div>\n      <\/div>\n    <\/section>\n    <section class=\"u-align-center u-clearfix u-container-align-center u-palette-2-base u-section-3\" id=\"sec-b178\">\n      <div class=\"u-clearfix u-sheet u-valign-middle u-sheet-1\">\n        <h1 class=\"u-align-center u-text u-text-default u-text-1\"> DESBLOQUEIO CUCO <br>(PROCEDIMENTOS)\n        <\/h1>\n      <\/div>\n    <\/section>\n    <section class=\"u-clearfix u-palette-2-base u-section-4\" id=\"carousel_a470\">\n      <div class=\"u-clearfix u-sheet u-sheet-1\">\n        <div class=\"data-layout-selected u-clearfix u-expanded-width u-layout-wrap u-layout-wrap-1\">\n          <div class=\"u-layout\">\n            <div class=\"u-layout-row\">\n              <div class=\"u-align-center u-container-style u-layout-cell u-left-cell u-size-30 u-layout-cell-1\">\n                <div class=\"u-container-layout u-container-layout-1\">\n                  <img decoding=\"async\" class=\"u-expanded-width u-image u-image-1\" src=\"https:\/\/aecondeixa.pt\/wp-content\/uploads\/2024\/09\/dff-min.png\" data-image-width=\"929\" data-image-height=\"700\">\n                <\/div>\n              <\/div>\n              <div class=\"u-align-left u-container-style u-layout-cell u-right-cell u-size-30 u-layout-cell-2\">\n                <div class=\"u-container-layout u-container-layout-2\">\n                  <p class=\"u-text u-text-black u-text-1\">Tutorial para desbloqueio do computador ap\u00f3s aparecer o ecran azul a pedir o c\u00f3digo<\/p>\n                  <div class=\"u-border-6 u-border-palette-1-base u-line u-line-horizontal u-line-1\"><\/div>\n                  <img decoding=\"async\" class=\"u-expanded-width u-image u-image-default u-image-2\" src=\"https:\/\/aecondeixa.pt\/wp-content\/uploads\/2024\/09\/cuco.png\" alt=\"\" data-image-width=\"411\" data-image-height=\"170\">\n                  <a href=\"https:\/\/aecondeixa.pt\/wp-content\/uploads\/2024\/09\/Tutorial_Desbloqueio_CUCO.pdf\" class=\"u-active-palette-1-base u-btn u-btn-round u-button-style u-file-link u-hover-palette-1-base u-palette-3-base u-radius-8 u-text-active-white u-text-body-alt-color u-text-hover-white u-btn-1\" target=\"_blank\">LER MAIS <\/a>\n                <\/div>\n              <\/div>\n            <\/div>\n          <\/div>\n        <\/div>\n      <\/div>\n    <\/section>\n    \n    \n    \n  \n<\/div>","protected":false},"excerpt":{"rendered":"<p>ESCOLA DIGITAL | INFORMA\u00c7\u00c3O Informa\u00e7\u00f5es Gerais sobre a Escola Digital para pais e alunos Problemas\u200b no Acesso \u00e0 internetVer mais [&hellip;]<\/p>\n","protected":false},"author":1,"featured_media":0,"parent":0,"menu_order":0,"comment_status":"closed","ping_status":"closed","template":"","meta":{"site-sidebar-layout":"default","site-content-layout":"","ast-site-content-layout":"default","site-content-style":"default","site-sidebar-style":"default","ast-global-header-display":"","ast-banner-title-visibility":"","ast-main-header-display":"","ast-hfb-above-header-display":"","ast-hfb-below-header-display":"","ast-hfb-mobile-header-display":"","site-post-title":"","ast-breadcrumbs-content":"","ast-featured-img":"","footer-sml-layout":"","ast-disable-related-posts":"","theme-transparent-header-meta":"","adv-header-id-meta":"","stick-header-meta":"","header-above-stick-meta":"","header-main-stick-meta":"","header-below-stick-meta":"","astra-migrate-meta-layouts":"default","ast-page-background-enabled":"default","ast-page-background-meta":{"desktop":{"background-color":"var(--ast-global-color-4)","background-image":"","background-repeat":"repeat","background-position":"center center","background-size":"auto","background-attachment":"scroll","background-type":"","background-media":"","overlay-type":"","overlay-color":"","overlay-opacity":"","overlay-gradient":""},"tablet":{"background-color":"","background-image":"","background-repeat":"repeat","background-position":"center center","background-size":"auto","background-attachment":"scroll","background-type":"","background-media":"","overlay-type":"","overlay-color":"","overlay-opacity":"","overlay-gradient":""},"mobile":{"background-color":"","background-image":"","background-repeat":"repeat","background-position":"center center","background-size":"auto","background-attachment":"scroll","background-type":"","background-media":"","overlay-type":"","overlay-color":"","overlay-opacity":"","overlay-gradient":""}},"ast-content-background-meta":{"desktop":{"background-color":"var(--ast-global-color-5)","background-image":"","background-repeat":"repeat","background-position":"center center","background-size":"auto","background-attachment":"scroll","background-type":"","background-media":"","overlay-type":"","overlay-color":"","overlay-opacity":"","overlay-gradient":""},"tablet":{"background-color":"var(--ast-global-color-5)","background-image":"","background-repeat":"repeat","background-position":"center center","background-size":"auto","background-attachment":"scroll","background-type":"","background-media":"","overlay-type":"","overlay-color":"","overlay-opacity":"","overlay-gradient":""},"mobile":{"background-color":"var(--ast-global-color-5)","background-image":"","background-repeat":"repeat","background-position":"center center","background-size":"auto","background-attachment":"scroll","background-type":"","background-media":"","overlay-type":"","overlay-color":"","overlay-opacity":"","overlay-gradient":""}},"footnotes":""},"class_list":["post-2161","page","type-page","status-publish","hentry"],"_links":{"self":[{"href":"https:\/\/aecondeixa.pt\/index.php?rest_route=\/wp\/v2\/pages\/2161","targetHints":{"allow":["GET"]}}],"collection":[{"href":"https:\/\/aecondeixa.pt\/index.php?rest_route=\/wp\/v2\/pages"}],"about":[{"href":"https:\/\/aecondeixa.pt\/index.php?rest_route=\/wp\/v2\/types\/page"}],"author":[{"embeddable":true,"href":"https:\/\/aecondeixa.pt\/index.php?rest_route=\/wp\/v2\/users\/1"}],"replies":[{"embeddable":true,"href":"https:\/\/aecondeixa.pt\/index.php?rest_route=%2Fwp%2Fv2%2Fcomments&post=2161"}],"version-history":[{"count":4,"href":"https:\/\/aecondeixa.pt\/index.php?rest_route=\/wp\/v2\/pages\/2161\/revisions"}],"predecessor-version":[{"id":2257,"href":"https:\/\/aecondeixa.pt\/index.php?rest_route=\/wp\/v2\/pages\/2161\/revisions\/2257"}],"wp:attachment":[{"href":"https:\/\/aecondeixa.pt\/index.php?rest_route=%2Fwp%2Fv2%2Fmedia&parent=2161"}],"curies":[{"name":"wp","href":"https:\/\/api.w.org\/{rel}","templated":true}]}}