{"id":2207,"date":"2024-08-08T03:57:18","date_gmt":"2024-08-08T03:57:18","guid":{"rendered":"http:\/\/aecondeixa.pt\/wordpress\/?page_id=2207"},"modified":"2024-08-08T04:12:00","modified_gmt":"2024-08-08T04:12:00","slug":"alunos_e_pais","status":"publish","type":"page","link":"https:\/\/aecondeixa.pt\/?page_id=2207","title":{"rendered":"Alunos_e_Pais"},"content":{"rendered":"<div class=\"\" style=\"\" >\n  \n    \n    <section class=\"u-clearfix u-image u-valign-middle u-section-2\" id=\"carousel_21ea\" data-image-width=\"1980\" data-image-height=\"1200\" style=\"background-image: url(&quot;https:\/\/aecondeixa.pt\/wp-content\/uploads\/2024\/08\/bg.jpg&quot;);\">\n      <div class=\"data-layout-selected u-clearfix u-layout-wrap u-layout-wrap-1\">\n        <div class=\"u-layout\">\n          <div class=\"u-layout-row\">\n            <div class=\"u-container-style u-layout-cell u-left-cell u-size-27 u-layout-cell-1\" data-animation-name=\"customAnimationIn\" data-animation-duration=\"1500\" data-animation-delay=\"500\">\n              <div class=\"u-container-layout u-container-layout-1\">\n                <h5 class=\"u-align-left u-text u-text-body-alt-color u-text-1\" data-animation-name=\"customAnimationIn\" data-animation-duration=\"1500\" data-animation-delay=\"500\">Informa\u00e7\u00e3o - encerramento da escola em agosto<\/h5>\n                <h1 class=\"u-align-left u-custom-font u-font-roboto-condensed u-text u-text-body-alt-color u-text-2\" data-animation-name=\"customAnimationIn\" data-animation-duration=\"1500\"> Para alunos e pais <br>\n                <\/h1>\n                <a href=\"https:\/\/aecondeixa.pt\/wp-content\/uploads\/2024\/08\/Aviso_2_07_08_24.pdf\" class=\"u-active-white u-align-left u-border-2 u-border-radius-0 u-border-white u-btn u-btn-rectangle u-button-style u-custom-font u-file-link u-font-oswald u-hover-white u-none u-text-active-palette-2-base u-text-hover-palette-2-base u-btn-1\" data-animation-name=\"customAnimationIn\" data-animation-duration=\"1500\" target=\"_blank\">Aviso Encerramento da Escola<\/a>\n                <a href=\"https:\/\/aecondeixa.pt\/wp-content\/uploads\/2024\/08\/Calendario_Escolar_20242025.pdf\" class=\"u-active-white u-align-left u-border-2 u-border-radius-0 u-border-white u-btn u-btn-rectangle u-button-style u-custom-font u-file-link u-font-oswald u-hover-white u-none u-text-active-palette-2-base u-text-hover-palette-2-base u-btn-2\" data-animation-name=\"customAnimationIn\" data-animation-duration=\"1500\" target=\"_blank\">Calend\u00e1rio Escolar 24\/25<\/a>\n              <\/div>\n            <\/div>\n            <div class=\"u-align-right u-container-align-right u-container-style u-hidden-sm u-hidden-xs u-layout-cell u-right-cell u-shape-rectangle u-size-33 u-layout-cell-2\" data-animation-name=\"customAnimationIn\" data-animation-duration=\"1500\">\n              <div class=\"u-container-layout u-valign-bottom u-container-layout-2\"><\/div>\n            <\/div>\n          <\/div>\n        <\/div>\n      <\/div>\n    <\/section>\n    \n    \n    \n  \n<\/div>","protected":false},"excerpt":{"rendered":"<p>Informa\u00e7\u00e3o &#8211; encerramento da escola em agosto Para alunos e pais Aviso Encerramento da Escola Calend\u00e1rio Escolar 24\/25<\/p>\n","protected":false},"author":1,"featured_media":0,"parent":0,"menu_order":0,"comment_status":"closed","ping_status":"closed","template":"","meta":{"site-sidebar-layout":"default","site-content-layout":"","ast-site-content-layout":"default","site-content-style":"default","site-sidebar-style":"default","ast-global-header-display":"","ast-banner-title-visibility":"","ast-main-header-display":"","ast-hfb-above-header-display":"","ast-hfb-below-header-display":"","ast-hfb-mobile-header-display":"","site-post-title":"","ast-breadcrumbs-content":"","ast-featured-img":"","footer-sml-layout":"","ast-disable-related-posts":"","theme-transparent-header-meta":"","adv-header-id-meta":"","stick-header-meta":"","header-above-stick-meta":"","header-main-stick-meta":"","header-below-stick-meta":"","astra-migrate-meta-layouts":"default","ast-page-background-enabled":"default","ast-page-background-meta":{"desktop":{"background-color":"var(--ast-global-color-4)","background-image":"","background-repeat":"repeat","background-position":"center center","background-size":"auto","background-attachment":"scroll","background-type":"","background-media":"","overlay-type":"","overlay-color":"","overlay-opacity":"","overlay-gradient":""},"tablet":{"background-color":"","background-image":"","background-repeat":"repeat","background-position":"center center","background-size":"auto","background-attachment":"scroll","background-type":"","background-media":"","overlay-type":"","overlay-color":"","overlay-opacity":"","overlay-gradient":""},"mobile":{"background-color":"","background-image":"","background-repeat":"repeat","background-position":"center center","background-size":"auto","background-attachment":"scroll","background-type":"","background-media":"","overlay-type":"","overlay-color":"","overlay-opacity":"","overlay-gradient":""}},"ast-content-background-meta":{"desktop":{"background-color":"var(--ast-global-color-5)","background-image":"","background-repeat":"repeat","background-position":"center center","background-size":"auto","background-attachment":"scroll","background-type":"","background-media":"","overlay-type":"","overlay-color":"","overlay-opacity":"","overlay-gradient":""},"tablet":{"background-color":"var(--ast-global-color-5)","background-image":"","background-repeat":"repeat","background-position":"center center","background-size":"auto","background-attachment":"scroll","background-type":"","background-media":"","overlay-type":"","overlay-color":"","overlay-opacity":"","overlay-gradient":""},"mobile":{"background-color":"var(--ast-global-color-5)","background-image":"","background-repeat":"repeat","background-position":"center center","background-size":"auto","background-attachment":"scroll","background-type":"","background-media":"","overlay-type":"","overlay-color":"","overlay-opacity":"","overlay-gradient":""}},"footnotes":""},"class_list":["post-2207","page","type-page","status-publish","hentry"],"_links":{"self":[{"href":"https:\/\/aecondeixa.pt\/index.php?rest_route=\/wp\/v2\/pages\/2207","targetHints":{"allow":["GET"]}}],"collection":[{"href":"https:\/\/aecondeixa.pt\/index.php?rest_route=\/wp\/v2\/pages"}],"about":[{"href":"https:\/\/aecondeixa.pt\/index.php?rest_route=\/wp\/v2\/types\/page"}],"author":[{"embeddable":true,"href":"https:\/\/aecondeixa.pt\/index.php?rest_route=\/wp\/v2\/users\/1"}],"replies":[{"embeddable":true,"href":"https:\/\/aecondeixa.pt\/index.php?rest_route=%2Fwp%2Fv2%2Fcomments&post=2207"}],"version-history":[{"count":2,"href":"https:\/\/aecondeixa.pt\/index.php?rest_route=\/wp\/v2\/pages\/2207\/revisions"}],"predecessor-version":[{"id":2212,"href":"https:\/\/aecondeixa.pt\/index.php?rest_route=\/wp\/v2\/pages\/2207\/revisions\/2212"}],"wp:attachment":[{"href":"https:\/\/aecondeixa.pt\/index.php?rest_route=%2Fwp%2Fv2%2Fmedia&parent=2207"}],"curies":[{"name":"wp","href":"https:\/\/api.w.org\/{rel}","templated":true}]}}