{"id":242,"date":"2023-12-17T17:51:59","date_gmt":"2023-12-17T17:51:59","guid":{"rendered":"http:\/\/localhost\/wordpress\/?page_id=242"},"modified":"2026-03-17T17:10:40","modified_gmt":"2026-03-17T17:10:40","slug":"__trashed","status":"publish","type":"page","link":"https:\/\/aecondeixa.pt\/?page_id=242","title":{"rendered":"Conselho Geral"},"content":{"rendered":"<div class=\"\" style=\"\" >\n  \n    \n    <section class=\"u-clearfix u-section-2\" id=\"sec-fefa\">\n      <div class=\"u-clearfix u-sheet u-sheet-1\">\n        <div class=\"data-layout-selected u-clearfix u-expanded-width u-gutter-10 u-layout-wrap u-layout-wrap-1\">\n          <div class=\"u-layout\" style=\"\">\n            <div class=\"u-layout-row\" style=\"\">\n              <div class=\"u-container-style u-layout-cell u-left-cell u-palette-5-light-3 u-size-30 u-size-xs-60 u-layout-cell-1\" src=\"\">\n                <div class=\"u-container-layout u-valign-middle-lg u-valign-middle-md u-valign-middle-xl u-container-layout-1\">\n                  <h2 class=\"u-align-center u-text u-text-default-lg u-text-default-md u-text-default-xl u-text-1\">Conselho Geral<\/h2>\n                  <p class=\"u-align-center u-text u-text-2\"> Composi\u00e7\u00e3o do&nbsp;Conselho Geral<\/p>\n                  <a href=\"#Concelho_Geral\" class=\"u-active-palette-2-base u-border-2 u-border-palette-2-base u-btn u-button-style u-hover-palette-2-light-1 u-palette-2-base u-text-body-alt-color u-text-hover-grey-80 u-btn-1\">LER MAIS <\/a>\n                <\/div>\n              <\/div>\n              <div class=\"u-align-center u-container-align-center u-container-style u-image u-layout-cell u-right-cell u-size-30 u-size-xs-60 u-image-1\" src=\"\" data-image-width=\"512\" data-image-height=\"379\" style=\"background-image: url(&quot;https:\/\/aecondeixa.pt\/wp-content\/uploads\/2024\/02\/conselho_geral.jpg&quot;);\">\n                <div class=\"u-container-layout u-valign-middle u-container-layout-2\" src=\"\"><\/div>\n              <\/div>\n            <\/div>\n          <\/div>\n        <\/div>\n      <\/div>\n    <\/section>\n    <section class=\"u-align-center u-clearfix u-container-align-center u-section-3\" id=\"Concelho_Geral\">\n      <div class=\"u-align-left u-clearfix u-sheet u-sheet-1\">\n        <h2 class=\"u-align-center u-text u-text-grey-70 u-text-1\">Conselho Geral - Composi\u00e7\u00e3o<\/h2>\n        <div class=\"u-expanded-width u-list u-list-1\">\n          <div class=\"u-repeater u-repeater-1\">\n            <div class=\"u-container-style u-list-item u-repeater-item\">\n              <div class=\"u-container-layout u-similar-container u-container-layout-1\">\n                <h3 class=\"u-align-left u-text u-text-2\"> Presidente do Conselho Geral<\/h3>\n              <\/div>\n            <\/div>\n            <div class=\"u-container-style u-list-item u-repeater-item\">\n              <div class=\"u-container-layout u-similar-container u-container-layout-2\">\n                <h3 class=\"u-align-left u-text u-text-3\"> Isabel Maria da Silva Santos Almeida Baptista<\/h3>\n              <\/div>\n            <\/div>\n          <\/div>\n        <\/div>\n        <div class=\"u-expanded-width u-list u-list-2\">\n          <div class=\"u-repeater u-repeater-2\">\n            <div class=\"u-container-style u-list-item u-repeater-item\">\n              <div class=\"u-container-layout u-similar-container u-container-layout-3\">\n                <p class=\"u-align-left u-text u-text-4\"> Representantes do Corpo Docente<\/p>\n              <\/div>\n            <\/div>\n            <div class=\"u-container-style u-list-item u-repeater-item\">\n              <div class=\"u-container-layout u-similar-container u-container-layout-4\">\n                <p class=\"u-align-left u-text u-text-5\"> Ana Paula Ramos Amaro<br>Helena Maria Carvalho Bidarra<br>Isabel Maria Gabriel Ferreira<br>Maria Isabel Hip\u00f3lito de Carvalho<br>\n                  <br>\n                <\/p>\n              <\/div>\n            <\/div>\n            <div class=\"u-container-style u-list-item u-repeater-item\">\n              <div class=\"u-container-layout u-similar-container u-container-layout-5\">\n                <p class=\"u-align-left u-text u-text-6\"> Representantes do Corpo N\u00e3o Docente<\/p>\n              <\/div>\n            <\/div>\n            <div class=\"u-container-style u-list-item u-repeater-item\">\n              <div class=\"u-container-layout u-similar-container u-container-layout-6\">\n                <p class=\"u-align-left u-text u-text-7\"> Maria do Carmo Pocinho Mendes Freire<br>Sandra Margarida Francisco Pita\n                <\/p>\n              <\/div>\n            <\/div>\n            <div class=\"u-container-style u-list-item u-repeater-item\">\n              <div class=\"u-container-layout u-similar-container u-container-layout-7\">\n                <p class=\"u-align-left u-text u-text-8\"> Representantes dos Pais\/ Encarregados de Educa\u00e7\u00e3o<\/p>\n              <\/div>\n            <\/div>\n            <div class=\"u-container-style u-list-item u-repeater-item\">\n              <div class=\"u-container-layout u-similar-container u-container-layout-8\">\n                <p class=\"u-align-left u-text u-text-9\">Alexandra Catarina de Jesus Lage Albuquerque<br> Ana Margarida Amado dos Santos Vicente<br>Susana Maria Pinto Queir\u00f3s de Brito\n                <\/p>\n              <\/div>\n            <\/div>\n            <div class=\"u-container-style u-list-item u-repeater-item\">\n              <div class=\"u-container-layout u-similar-container u-container-layout-9\">\n                <p class=\"u-align-left u-text u-text-10\"> Representantes dos Alunos<\/p>\n              <\/div>\n            <\/div>\n            <div class=\"u-container-style u-list-item u-repeater-item\">\n              <div class=\"u-container-layout u-similar-container u-container-layout-10\">\n                <p class=\"u-align-left u-text u-text-11\"> Francisca Travassos Ferreira<br> Laura Mendes Botelho\n                <\/p>\n              <\/div>\n            <\/div>\n            <div class=\"u-container-style u-list-item u-repeater-item\">\n              <div class=\"u-container-layout u-similar-container u-container-layout-11\">\n                <p class=\"u-align-left u-text u-text-12\"> Representantes da Munic\u00edpio<\/p>\n              <\/div>\n            <\/div>\n            <div class=\"u-container-style u-list-item u-repeater-item\">\n              <div class=\"u-container-layout u-similar-container u-container-layout-12\">\n                <p class=\"u-align-left u-text u-text-13\">Arlindo Jacinto de Matos<br> Liliana Marques Pimentel<br>\n                <\/p>\n              <\/div>\n            <\/div>\n            <div class=\"u-container-style u-list-item u-repeater-item\">\n              <div class=\"u-container-layout u-similar-container u-container-layout-13\">\n                <p class=\"u-align-left u-text u-text-14\"> Representante da Comunidade Local<\/p>\n              <\/div>\n            <\/div>\n            <div class=\"u-container-style u-list-item u-repeater-item\">\n              <div class=\"u-container-layout u-similar-container u-container-layout-14\">\n                <p class=\"u-align-left u-text u-text-15\"> Florbela Maria Marques Caniceiro<br>Unidade de Cuidados na Comunidade de Condeixa\n                <\/p>\n              <\/div>\n            <\/div>\n            <div class=\"u-container-style u-list-item u-repeater-item\">\n              <div class=\"u-container-layout u-similar-container u-container-layout-15\">\n                <p class=\"u-align-left u-text u-text-16\"> Representante da Comunidade Local<\/p>\n              <\/div>\n            <\/div>\n            <div class=\"u-container-style u-list-item u-repeater-item\">\n              <div class=\"u-container-layout u-similar-container u-container-layout-16\">\n                <p class=\"u-align-left u-text u-text-17\"> Jo\u00e3o Gante<br>Caixa de Cr\u00e9dito Agr\u00edcola M\u00fatuo do Centro Litoral\n                <\/p>\n              <\/div>\n            <\/div>\n            <div class=\"u-container-style u-list-item u-repeater-item\">\n              <div class=\"u-container-layout u-similar-container u-container-layout-17\">\n                <p class=\"u-align-left u-text u-text-18\"> Representante da Comunidade Local<\/p>\n              <\/div>\n            <\/div>\n            <div class=\"u-container-style u-list-item u-repeater-item\">\n              <div class=\"u-container-layout u-similar-container u-container-layout-18\">\n                <p class=\"u-align-left u-text u-text-19\"> Paulo Jorge Bento Alves<br>Museu Monogr\u00e1fico de Con\u00edmbriga\n                <\/p>\n              <\/div>\n            <\/div>\n            <div class=\"u-container-style u-list-item u-repeater-item\">\n              <div class=\"u-container-layout u-similar-container u-container-layout-19\">\n                <p class=\"u-align-left u-text u-text-20\"> Diretor<\/p>\n              <\/div>\n            <\/div>\n            <div class=\"u-container-style u-list-item u-repeater-item\">\n              <div class=\"u-container-layout u-similar-container u-container-layout-20\">\n                <p class=\"u-align-left u-text u-text-21\"> Avelino Ferreira dos Santos<\/p>\n              <\/div>\n            <\/div>\n          <\/div>\n        <\/div>\n      <\/div>\n    <\/section>\n    <section class=\"u-clearfix u-section-4\" id=\"sec-58df\">\n      <div class=\"u-clearfix u-sheet u-sheet-1\">\n        <h5 class=\"u-text u-text-default u-text-1\"> EXCERTO DO REGULAMENTO INTERNO<\/h5>\n        <h6 class=\"u-text u-text-default u-text-2\"> SEC\u00c7\u00c3O II \u2015 CONSELHO GERAL<br>\n          <br>Art.\u00ba 2.\u00ba - Defini\u00e7\u00e3o&nbsp;<br>\n        <\/h6>\n        <p class=\"u-text u-text-3\"> O Conselho Geral \u00e9 o \u00f3rg\u00e3o de dire\u00e7\u00e3o estrat\u00e9gica respons\u00e1vel pela defini\u00e7\u00e3o das linhas orientadoras da atividade do Agrupamento, assegurando a participa\u00e7\u00e3o e a representa\u00e7\u00e3o da comunidade educativa, nos termos e para os efeitos do n\u00ba 4 do artigo 48\u00ba da Lei de Bases do Sistema Educativo.&nbsp;<\/p>\n      <\/div>\n    <\/section>\n    <section class=\"u-align-center u-clearfix u-container-align-center u-section-5\" id=\"sec-255c\">\n      <div class=\"u-align-left u-clearfix u-sheet u-sheet-1\">\n        <h6 class=\"u-text u-text-1\"><u>Artigo 3.\u00ba \u2013 Composi\u00e7\u00e3o<\/u>&nbsp;(Conselho Geral)\n        <\/h6>\n        <div class=\"u-align-left u-container-align-left u-container-style u-group u-group-1\">\n          <div class=\"u-container-layout u-container-layout-1\">\n            <p class=\"u-text u-text-2\"> 1- O Conselho Geral \u00e9 constitu\u00eddo por um total de dezanove elementos:<br>- 7 docentes em exerc\u00edcio de fun\u00e7\u00f5es nas escolas do agrupamento;<br>- 2 representantes do pessoal n\u00e3o docente;<br>- 3 representantes dos pais e encarregados de educa\u00e7\u00e3o, de prefer\u00eancia um de cada ciclo;<br>- 2 representantes dos alunos, maiores de 16 anos de idade,<br>- 2 representantes do munic\u00edpio;<br>- 2 representantes da comunidade local de institui\u00e7\u00f5es e\/ou organiza\u00e7\u00f5es relacionadas com a concretiza\u00e7\u00e3o do Projeto Educativo.<br>- O Diretor participa nas reuni\u00f5es do Conselho Geral sem direito a voto.\n            <\/p>\n          <\/div>\n        <\/div>\n        <h6 class=\"u-text u-text-3\"><u>Artigo 4.\u00ba \u2013 Compet\u00eancias<\/u>&nbsp;(Conselho Geral)\n        <\/h6>\n        <div class=\"u-align-left u-container-align-left u-container-style u-group u-group-2\">\n          <div class=\"u-container-layout u-container-layout-2\">\n            <p class=\"u-text u-text-4\">\n              <span style=\"font-weight: 700;\">1-<\/span> Ao Conselho Geral do agrupamento compete:<br>\n              <br> a) Eleger o respetivo presidente, de entre os seus elementos, \u00e0 exce\u00e7\u00e3o dos representantes dos alunos; <br>b) Aprovar o plano plurianual de atividades e o Plano Anual de Atividades; <br>c) Apreciar os relat\u00f3rios peri\u00f3dicos e aprovar o relat\u00f3rio final de execu\u00e7\u00e3o do Plano Anual de Atividades; <br>d) Aprovar o Projeto Educativo do Agrupamento e acompanhar e avaliar a sua execu\u00e7\u00e3o; <br>e) Aprovar o Regulamento Interno do Agrupamento e posteriores altera\u00e7\u00f5es; <br>f) Eleger o Diretor, nos termos da lei; <br>g) Aprovar as propostas de contratos de autonomia; <br>h) Definir as linhas orientadoras para a elabora\u00e7\u00e3o do or\u00e7amento; <br>i) Definir as linhas orientadoras do planeamento e execu\u00e7\u00e3o, pelo Diretor, das atividades no dom\u00ednio da a\u00e7\u00e3o social escolar; <br>j) Aprovar o relat\u00f3rio de contas de ger\u00eancia; <br>k) Apreciar os resultados do processo de autoavalia\u00e7\u00e3o interna do Agrupamento; <br>l) Pronunciar-se sobre os crit\u00e9rios de organiza\u00e7\u00e3o dos hor\u00e1rios escolares; <br>m) Acompanhar a a\u00e7\u00e3o dos demais \u00f3rg\u00e3os de administra\u00e7\u00e3o e gest\u00e3o; <br>n) Promover o relacionamento com a comunidade educativa; <br>o) Definir os crit\u00e9rios para a participa\u00e7\u00e3o do Agrupamento em atividades pedag\u00f3gicas, cient\u00edficas, culturais e desportivas; <br>p) Requerer aos restantes \u00f3rg\u00e3os de gest\u00e3o as informa\u00e7\u00f5es necess\u00e1rias para realizar eficazmente o acompanhamento e a avalia\u00e7\u00e3o do funcionamento do Agrupamento; <br>q) Dirigir recomenda\u00e7\u00f5es, com vista ao desenvolvimento do Projeto Educativo e ao cumprimento do Plano Anual de Atividades; <br>r) Aprovar as propostas de cria\u00e7\u00e3o de assessorias do Diretor; <br>s) Participar, nos termos definidos em diploma pr\u00f3prio, no processo de avalia\u00e7\u00e3o do desempenho do Diretor; <br>t) Decidir os recursos que lhe s\u00e3o dirigidos; <br>u) Aprovar o mapa de f\u00e9rias do Diretor; <br>v) Elaborar e aprovar o Regimento Interno, nos primeiros trinta dias do seu mandato; <br>w) Exercer as demais compet\u00eancias que lhe forem atribu\u00eddas na lei.<br>\n              <br>\n              <span style=\"font-weight: 700;\">2.<\/span> No desempenho das suas compet\u00eancias, o Conselho Geral tem a faculdade de requerer aos restantes \u00f3rg\u00e3os as informa\u00e7\u00f5es necess\u00e1rias para realizar eficazmente o acompanhamento e a avalia\u00e7\u00e3o do funcionamento da institui\u00e7\u00e3o educativa e de lhes dirigir recomenda\u00e7\u00f5es, com vista ao desenvolvimento do Projeto Educativo, ao cumprimento do Plano Anual de Atividades e \u00e0 elabora\u00e7\u00e3o e aprova\u00e7\u00e3o do Regulamento Interno.<br>\n              <br>\n              <span style=\"font-weight: 700;\">3.<\/span> O Conselho Geral pode constituir no seu seio as comiss\u00f5es que considerar pertinentes, para os efeitos previstos na lei e para os que entender por conveniente, de forma a garantir o cumprimento das suas compet\u00eancias.  (in Regulamento Interno do Agrupamento, atualizado em janeiro de 2023).&nbsp;<br>\n            <\/p>\n          <\/div>\n        <\/div>\n      <\/div>\n    <\/section>\n    \n    \n    \n    \n  \n<\/div>","protected":false},"excerpt":{"rendered":"<p>Conselho Geral Composi\u00e7\u00e3o do&nbsp;Conselho Geral LER MAIS Conselho Geral &#8211; Composi\u00e7\u00e3o Presidente do Conselho Geral Isabel Maria da Silva Santos [&hellip;]<\/p>\n","protected":false},"author":1,"featured_media":0,"parent":0,"menu_order":0,"comment_status":"closed","ping_status":"closed","template":"","meta":{"site-sidebar-layout":"default","site-content-layout":"","ast-site-content-layout":"default","site-content-style":"default","site-sidebar-style":"default","ast-global-header-display":"","ast-banner-title-visibility":"","ast-main-header-display":"","ast-hfb-above-header-display":"","ast-hfb-below-header-display":"","ast-hfb-mobile-header-display":"","site-post-title":"","ast-breadcrumbs-content":"","ast-featured-img":"","footer-sml-layout":"","ast-disable-related-posts":"","theme-transparent-header-meta":"default","adv-header-id-meta":"","stick-header-meta":"","header-above-stick-meta":"","header-main-stick-meta":"","header-below-stick-meta":"","astra-migrate-meta-layouts":"set","ast-page-background-enabled":"default","ast-page-background-meta":{"desktop":{"background-color":"var(--ast-global-color-4)","background-image":"","background-repeat":"repeat","background-position":"center center","background-size":"auto","background-attachment":"scroll","background-type":"","background-media":"","overlay-type":"","overlay-color":"","overlay-opacity":"","overlay-gradient":""},"tablet":{"background-color":"","background-image":"","background-repeat":"repeat","background-position":"center center","background-size":"auto","background-attachment":"scroll","background-type":"","background-media":"","overlay-type":"","overlay-color":"","overlay-opacity":"","overlay-gradient":""},"mobile":{"background-color":"","background-image":"","background-repeat":"repeat","background-position":"center center","background-size":"auto","background-attachment":"scroll","background-type":"","background-media":"","overlay-type":"","overlay-color":"","overlay-opacity":"","overlay-gradient":""}},"ast-content-background-meta":{"desktop":{"background-color":"var(--ast-global-color-5)","background-image":"","background-repeat":"repeat","background-position":"center center","background-size":"auto","background-attachment":"scroll","background-type":"","background-media":"","overlay-type":"","overlay-color":"","overlay-opacity":"","overlay-gradient":""},"tablet":{"background-color":"var(--ast-global-color-5)","background-image":"","background-repeat":"repeat","background-position":"center center","background-size":"auto","background-attachment":"scroll","background-type":"","background-media":"","overlay-type":"","overlay-color":"","overlay-opacity":"","overlay-gradient":""},"mobile":{"background-color":"var(--ast-global-color-5)","background-image":"","background-repeat":"repeat","background-position":"center center","background-size":"auto","background-attachment":"scroll","background-type":"","background-media":"","overlay-type":"","overlay-color":"","overlay-opacity":"","overlay-gradient":""}},"footnotes":""},"class_list":["post-242","page","type-page","status-publish","hentry"],"_links":{"self":[{"href":"https:\/\/aecondeixa.pt\/index.php?rest_route=\/wp\/v2\/pages\/242","targetHints":{"allow":["GET"]}}],"collection":[{"href":"https:\/\/aecondeixa.pt\/index.php?rest_route=\/wp\/v2\/pages"}],"about":[{"href":"https:\/\/aecondeixa.pt\/index.php?rest_route=\/wp\/v2\/types\/page"}],"author":[{"embeddable":true,"href":"https:\/\/aecondeixa.pt\/index.php?rest_route=\/wp\/v2\/users\/1"}],"replies":[{"embeddable":true,"href":"https:\/\/aecondeixa.pt\/index.php?rest_route=%2Fwp%2Fv2%2Fcomments&post=242"}],"version-history":[{"count":11,"href":"https:\/\/aecondeixa.pt\/index.php?rest_route=\/wp\/v2\/pages\/242\/revisions"}],"predecessor-version":[{"id":3110,"href":"https:\/\/aecondeixa.pt\/index.php?rest_route=\/wp\/v2\/pages\/242\/revisions\/3110"}],"wp:attachment":[{"href":"https:\/\/aecondeixa.pt\/index.php?rest_route=%2Fwp%2Fv2%2Fmedia&parent=242"}],"curies":[{"name":"wp","href":"https:\/\/api.w.org\/{rel}","templated":true}]}}