{"id":2506,"date":"2025-04-03T15:59:17","date_gmt":"2025-04-03T15:59:17","guid":{"rendered":"https:\/\/aecondeixa.pt\/?page_id=2506"},"modified":"2025-04-03T16:02:40","modified_gmt":"2025-04-03T16:02:40","slug":"padde","status":"publish","type":"page","link":"https:\/\/aecondeixa.pt\/?page_id=2506","title":{"rendered":"PADDE"},"content":{"rendered":"<div class=\"\" style=\"\" >\n  \n    \n    <section class=\"u-align-left u-clearfix u-container-align-left u-image u-shading u-section-2\" data-image-width=\"1280\" data-image-height=\"853\" id=\"sec-4b00\" style=\"background-image: linear-gradient(0deg, rgba(0, 0, 0, 0.5), rgba(0, 0, 0, 0.5)), url(&quot;https:\/\/aecondeixa.pt\/wp-content\/uploads\/2025\/04\/d592d9bf6a3f1eddfd46b50bb4a22653b3247ce191072df593bf0b02367267dce22c2ec5f483a7e2bc42d62bf870a03bc4d49daf30032b0153d7d7_1280.jpg&quot;);\">\n      <div class=\"u-clearfix u-sheet u-sheet-1\">\n        <h1 class=\"u-align-left u-text u-text-default u-title u-text-1\"> PLANO DE A\u00c7\u00c3O PARA O DESENVOLVIMENTO DIGITAL DA ESCOLA II <\/h1>\n        <p class=\"u-align-left u-large-text u-text u-text-variant u-text-2\">O Plano de A\u00e7\u00e3o para o Desenvolvimento Digital da Escola II - PADDE - foi cuidadosamente elaborado visando aprimorar a integra\u00e7\u00e3o da tecnologia no ambiente educacional.<\/p>\n        <a href=\"https:\/\/aecondeixa.pt\/wp-content\/uploads\/2025\/04\/PADDE_AEC_202326.pdf\" class=\"u-btn u-button-style u-file-link u-hover-palette-1-dark-1 u-palette-1-base u-btn-1\" target=\"_blank\">VER MAIS<\/a>\n      <\/div>\n    <\/section>\n    \n    \n    \n  \n<\/div>","protected":false},"excerpt":{"rendered":"<p>PLANO DE A\u00c7\u00c3O PARA O DESENVOLVIMENTO DIGITAL DA ESCOLA II O Plano de A\u00e7\u00e3o para o Desenvolvimento Digital da Escola [&hellip;]<\/p>\n","protected":false},"author":1,"featured_media":0,"parent":0,"menu_order":0,"comment_status":"closed","ping_status":"closed","template":"","meta":{"site-sidebar-layout":"default","site-content-layout":"","ast-site-content-layout":"default","site-content-style":"default","site-sidebar-style":"default","ast-global-header-display":"","ast-banner-title-visibility":"","ast-main-header-display":"","ast-hfb-above-header-display":"","ast-hfb-below-header-display":"","ast-hfb-mobile-header-display":"","site-post-title":"","ast-breadcrumbs-content":"","ast-featured-img":"","footer-sml-layout":"","ast-disable-related-posts":"","theme-transparent-header-meta":"","adv-header-id-meta":"","stick-header-meta":"","header-above-stick-meta":"","header-main-stick-meta":"","header-below-stick-meta":"","astra-migrate-meta-layouts":"default","ast-page-background-enabled":"default","ast-page-background-meta":{"desktop":{"background-color":"var(--ast-global-color-4)","background-image":"","background-repeat":"repeat","background-position":"center center","background-size":"auto","background-attachment":"scroll","background-type":"","background-media":"","overlay-type":"","overlay-color":"","overlay-opacity":"","overlay-gradient":""},"tablet":{"background-color":"","background-image":"","background-repeat":"repeat","background-position":"center center","background-size":"auto","background-attachment":"scroll","background-type":"","background-media":"","overlay-type":"","overlay-color":"","overlay-opacity":"","overlay-gradient":""},"mobile":{"background-color":"","background-image":"","background-repeat":"repeat","background-position":"center center","background-size":"auto","background-attachment":"scroll","background-type":"","background-media":"","overlay-type":"","overlay-color":"","overlay-opacity":"","overlay-gradient":""}},"ast-content-background-meta":{"desktop":{"background-color":"var(--ast-global-color-5)","background-image":"","background-repeat":"repeat","background-position":"center center","background-size":"auto","background-attachment":"scroll","background-type":"","background-media":"","overlay-type":"","overlay-color":"","overlay-opacity":"","overlay-gradient":""},"tablet":{"background-color":"var(--ast-global-color-5)","background-image":"","background-repeat":"repeat","background-position":"center center","background-size":"auto","background-attachment":"scroll","background-type":"","background-media":"","overlay-type":"","overlay-color":"","overlay-opacity":"","overlay-gradient":""},"mobile":{"background-color":"var(--ast-global-color-5)","background-image":"","background-repeat":"repeat","background-position":"center center","background-size":"auto","background-attachment":"scroll","background-type":"","background-media":"","overlay-type":"","overlay-color":"","overlay-opacity":"","overlay-gradient":""}},"footnotes":""},"class_list":["post-2506","page","type-page","status-publish","hentry"],"_links":{"self":[{"href":"https:\/\/aecondeixa.pt\/index.php?rest_route=\/wp\/v2\/pages\/2506","targetHints":{"allow":["GET"]}}],"collection":[{"href":"https:\/\/aecondeixa.pt\/index.php?rest_route=\/wp\/v2\/pages"}],"about":[{"href":"https:\/\/aecondeixa.pt\/index.php?rest_route=\/wp\/v2\/types\/page"}],"author":[{"embeddable":true,"href":"https:\/\/aecondeixa.pt\/index.php?rest_route=\/wp\/v2\/users\/1"}],"replies":[{"embeddable":true,"href":"https:\/\/aecondeixa.pt\/index.php?rest_route=%2Fwp%2Fv2%2Fcomments&post=2506"}],"version-history":[{"count":4,"href":"https:\/\/aecondeixa.pt\/index.php?rest_route=\/wp\/v2\/pages\/2506\/revisions"}],"predecessor-version":[{"id":2513,"href":"https:\/\/aecondeixa.pt\/index.php?rest_route=\/wp\/v2\/pages\/2506\/revisions\/2513"}],"wp:attachment":[{"href":"https:\/\/aecondeixa.pt\/index.php?rest_route=%2Fwp%2Fv2%2Fmedia&parent=2506"}],"curies":[{"name":"wp","href":"https:\/\/api.w.org\/{rel}","templated":true}]}}