{"id":3048,"date":"2026-01-26T16:17:42","date_gmt":"2026-01-26T16:17:42","guid":{"rendered":"https:\/\/aecondeixa.pt\/?page_id=3048"},"modified":"2026-04-15T13:12:55","modified_gmt":"2026-04-15T13:12:55","slug":"3048-2","status":"publish","type":"page","link":"https:\/\/aecondeixa.pt\/","title":{"rendered":"Noticias2026"},"content":{"rendered":"<div class=\"\" style=\"\" >\n  \n    \n    <section class=\"skrollable u-clearfix u-section-2\" id=\"sec-6231\">\n      <div class=\"u-clearfix u-sheet u-sheet-1\">\n        <p class=\"u-align-left u-text u-text-1\">\n          <span class=\"u-file-icon u-icon\"><img decoding=\"async\" src=\"https:\/\/aecondeixa.pt\/wp-content\/uploads\/2024\/12\/545674-1.png\" alt=\"\"><\/span>&nbsp;15-04-2026\n        <\/p>\n        <h2 class=\"u-align-center u-text u-text-2\"> Iniciativa no \u00e2mbito das comemora\u00e7\u00f5es do <br>52\u00baanivers\u00e1rio do 25 de Abril<br>\n        <\/h2>\n        <img decoding=\"async\" class=\"custom-expanded u-image u-image-1\" src=\"https:\/\/aecondeixa.pt\/wp-content\/uploads\/2026\/03\/Cartaz_52_aniver_25-04-1974-50.jpg\" data-image-width=\"707\" data-image-height=\"1000\">\n        <img decoding=\"async\" class=\"custom-expanded u-image u-image-2\" src=\"https:\/\/aecondeixa.pt\/wp-content\/uploads\/2026\/04\/Sorrir_Chorar_e_Morrer_Na_guerra_colonial_Angola_Memorias_50-1.jpg\" data-image-width=\"589\" data-image-height=\"846\">\n      <\/div>\n    <\/section>\n    <section class=\"u-clearfix u-white u-section-3\" id=\"block-2\">\n      <div class=\"u-clearfix u-sheet u-sheet-1\"><\/div>\n    <\/section>\n    <section class=\"u-align-center u-clearfix u-container-align-center u-palette-3-base u-section-4\" id=\"sec-6557\">\n      <div class=\"u-clearfix u-sheet u-sheet-1\">\n        <p class=\"u-align-left u-text u-text-1\">\n          <span class=\"u-file-icon u-icon\"><img decoding=\"async\" src=\"https:\/\/aecondeixa.pt\/wp-content\/uploads\/2024\/12\/545674-1.png\" alt=\"\"><\/span>&nbsp;14-04-2026\n        <\/p>\n        <h3 class=\"u-align-center u-font-abril-fatface u-text u-text-default u-text-2\"> Aviso de  Calendariza\u00e7\u00e3o de Matr\u00edculas | Renova\u00e7\u00e3o, ano letivo 2026\/2027<\/h3>\n        <a href=\"https:\/\/aecondeixa.pt\/wp-content\/uploads\/2026\/04\/Matriculas_2026_2027.pdf\" class=\"u-btn u-button-style u-file-link u-hover-palette-1-dark-1 u-palette-1-base u-btn-1\" target=\"_blank\"> ler mais<\/a>\n      <\/div>\n    <\/section>\n    <section class=\"u-align-center u-clearfix u-container-align-center u-section-5\" id=\"block-1\">\n      <div class=\"u-clearfix u-sheet u-sheet-1\">\n        <p class=\"u-align-left u-text u-text-1\">\n          <span class=\"u-file-icon u-icon\"><img decoding=\"async\" src=\"https:\/\/aecondeixa.pt\/wp-content\/uploads\/2024\/12\/545674-1.png\" alt=\"\"><\/span>&nbsp;08-04-2026\n        <\/p>\n        <img decoding=\"async\" class=\"custom-expanded u-image u-image-1\" src=\"https:\/\/aecondeixa.pt\/wp-content\/uploads\/2026\/04\/Nota_de_Pesar1.jpg\" data-image-width=\"600\" data-image-height=\"400\">\n        <p class=\"u-align-left u-large-text u-text u-text-variant u-text-2\"> \u00c9 com grande dor e profunda consterna\u00e7\u00e3o que a comunidade educativa do Agrupamento de Escolas de Condeixa, recebeu a not\u00edcia do tr\u00e1gico desaparecimento de dois seus ex alunos: o Bruno Paredes e o Hugo Menezes.<br>\n          <br>Neste momento de partilha da tristeza por todo o Agrupamento, endere\u00e7amos as mais sentidas condol\u00eancias \u00e0s suas fam\u00edlias.&nbsp;<br>\n          <br>O Diretor <br>Avelino Ferreira Santos\n        <\/p>\n      <\/div>\n    <\/section>\n    <section class=\"skrollable u-clearfix u-section-6\" id=\"sec-bd1e\">\n      <div class=\"u-clearfix u-image u-sheet u-image-1\" data-image-width=\"773\" data-image-height=\"617\" style=\"background-image: url(&quot;https:\/\/aecondeixa.pt\/wp-content\/uploads\/2026\/04\/Jornal_Marco.jpg&quot;);\">\n        <p class=\"u-align-left u-text u-text-1\">\n          <span class=\"u-file-icon u-icon\"><img decoding=\"async\" src=\"https:\/\/aecondeixa.pt\/wp-content\/uploads\/2024\/12\/545674-1.png\" alt=\"\"><\/span>&nbsp;01-04-2026\n        <\/p>\n        <a href=\"https:\/\/aecondeixa.pt\/wp-content\/uploads\/2026\/04\/39_JA_jornaldeCondeixa_abril_2026.pdf\" class=\"u-btn u-button-style u-file-link u-hover-palette-1-dark-1 u-palette-1-base u-btn-1\" target=\"_blank\">ver mais<br>\n        <\/a>\n      <\/div>\n    <\/section>\n    <section class=\"skrollable u-clearfix u-section-7\" id=\"sec-c402\">\n      <div class=\"u-clearfix u-image u-sheet u-image-1\" data-image-width=\"707\" data-image-height=\"1000\" style=\"background-image: url(&quot;https:\/\/aecondeixa.pt\/wp-content\/uploads\/2026\/03\/Cartaz_52_aniver_25-04-1974-50.jpg&quot;);\">\n        <p class=\"u-align-left u-text u-text-1\">\n          <span class=\"u-file-icon u-icon\"><img decoding=\"async\" src=\"https:\/\/aecondeixa.pt\/wp-content\/uploads\/2024\/12\/545674-1.png\" alt=\"\"><\/span>&nbsp;26-03-2026\n        <\/p>\n      <\/div>\n    <\/section>\n    <section class=\"skrollable u-clearfix u-section-8\" id=\"sec-b22d\">\n      <div class=\"u-clearfix u-image u-sheet u-image-1\" data-image-width=\"1344\" data-image-height=\"1022\" style=\"background-image: url(&quot;https:\/\/aecondeixa.pt\/wp-content\/uploads\/2026\/03\/Amnistia70.jpg&quot;);\">\n        <p class=\"u-align-left u-text u-text-1\">\n          <span class=\"u-file-icon u-icon\"><img decoding=\"async\" src=\"https:\/\/aecondeixa.pt\/wp-content\/uploads\/2024\/12\/545674-1.png\" alt=\"\"><\/span>&nbsp;04-03-2026\n        <\/p>\n        <h5 class=\"u-align-left u-text u-text-2\"><b>Agradecimento da Amnistia Internacional ao Agrupamento de Escolas&nbsp;de Condeixa a Nova pela participa\u00e7\u00e3o na iniciativa \"Maratona das Cartas\"<\/b>\n        <\/h5>\n      <\/div>\n    <\/section>\n    <section class=\"u-clearfix u-white u-section-9\" id=\"sec-42d5\">\n      <div class=\"u-clearfix u-sheet u-sheet-1\">\n        <div class=\"data-layout-selected u-clearfix u-expanded-width u-layout-wrap u-layout-wrap-1\">\n          <div class=\"u-layout\">\n            <div class=\"u-layout-row\">\n              <div class=\"u-size-30 u-size-60-md\">\n                <div class=\"u-layout-col\">\n                  <div class=\"u-container-style u-layout-cell u-left-cell u-similar-fill u-size-60 u-layout-cell-1\">\n                    <div class=\"u-container-layout u-container-layout-1\">\n                      <p class=\"u-align-left u-text u-text-1\">\n                        <span class=\"u-file-icon u-icon\"><img decoding=\"async\" src=\"https:\/\/aecondeixa.pt\/wp-content\/uploads\/2024\/12\/545674-1.png\" alt=\"\"><\/span>&nbsp;02-03-2026\n                      <\/p>\n                      <h2 class=\"u-custom-font u-font-abril-fatface u-text u-text-2\"> Participa\u00e7\u00e3o da Orquestra do AEC no Dia Europeu da M\u00fasica 26<\/h2>\n                      <div class=\"u-video u-video-contain u-video-1\">\n                        <div class=\"embed-responsive embed-responsive-1\">\n                          <iframe style=\"position: absolute;top: 0;left: 0;width: 100%;height: 100%;\" class=\"embed-responsive-item\" src=\"https:\/\/www.youtube.com\/embed\/Ni5TKAJ6BNI?mute=0&amp;showinfo=0&amp;controls=0&amp;start=0\" frameborder=\"0\" allowfullscreen=\"\"><\/iframe>\n                        <\/div>\n                      <\/div>\n                    <\/div>\n                  <\/div>\n                <\/div>\n              <\/div>\n              <div class=\"u-size-30 u-size-60-md\">\n                <div class=\"u-layout-col\">\n                  <div class=\"u-container-style u-layout-cell u-right-cell u-similar-fill u-size-60 u-layout-cell-2\">\n                    <div class=\"u-container-layout u-container-layout-2\">\n                      <img decoding=\"async\" class=\"u-image u-image-1\" src=\"https:\/\/aecondeixa.pt\/wp-content\/uploads\/2026\/03\/Erasmus_Musica.jpg\" data-image-width=\"1068\" data-image-height=\"631\">\n                      <p class=\"u-text u-text-3\"> O Dia Europeu da M\u00fasica nas Escolas (EuDaMuS) realiza-se oficialmente a 15 de mar\u00e7o de 2026 (domingo). Em 2026, celebraremos a quinta edi\u00e7\u00e3o do EuDaMuS.<br>\n                      <\/p>\n                      <a href=\"https:\/\/www.youtube.com\/watch?v=Ni5TKAJ6BNI\" class=\"u-btn u-button-style u-hover-palette-1-dark-1 u-palette-1-base u-btn-1\" target=\"_blank\">Ver no Youtube<\/a>\n                    <\/div>\n                  <\/div>\n                <\/div>\n              <\/div>\n            <\/div>\n          <\/div>\n        <\/div>\n      <\/div>\n    <\/section>\n    <section class=\"u-align-center u-clearfix u-container-align-center u-palette-3-base u-section-10\" id=\"sec-3599\">\n      <div class=\"u-clearfix u-sheet u-sheet-1\">\n        <p class=\"u-align-left u-text u-text-1\">\n          <span class=\"u-file-icon u-icon\"><img decoding=\"async\" src=\"https:\/\/aecondeixa.pt\/wp-content\/uploads\/2024\/12\/545674-1.png\" alt=\"\"><\/span>&nbsp;20-02-2026\n        <\/p>\n        <h3 class=\"u-align-center u-font-abril-fatface u-text u-text-default u-text-2\"> Comunicado importante \u200b- Centro de Forma\u00e7\u00e3o de Associa\u00e7\u00e3o de Escolas (CFAE)&nbsp;<br>Nova \u00c1gora\n        <\/h3>\n        <h6 class=\"u-align-justify u-text u-text-3\"> Para os devidos efeitos, informa-se que o Conselho de Diretores do&nbsp;Centro de Forma\u00e7\u00e3o de Associa\u00e7\u00e3o de Escolas (CFAE) Nova \u00c1gora, reunido&nbsp;a 20 de fevereiro de 2026, homologou o Relat\u00f3rio Final elaborado pelo&nbsp;J\u00fari e aprovou a Lista de Ordena\u00e7\u00e3o Final dos candidatos&nbsp;<br>ao cargo de <br>Diretor(a) do CFAE.\"&nbsp;<br>\n          <br>\n        <\/h6>\n        <a href=\"https:\/\/aecondeixa.pt\/wp-content\/uploads\/2026\/02\/Lista_Ordenada_Final.pdf\" class=\"u-btn u-button-style u-file-link u-hover-palette-1-dark-1 u-palette-1-base u-btn-1\" target=\"_blank\"> ler mais<\/a>\n      <\/div>\n    <\/section>\n    <section class=\"u-align-center u-clearfix u-container-align-center u-grey-5 u-section-11\" id=\"sec-a51b\">\n      <div class=\"u-clearfix u-sheet u-sheet-1\">\n        <p class=\"u-align-left u-text u-text-1\">\n          <span class=\"u-file-icon u-icon\"><img decoding=\"async\" src=\"https:\/\/aecondeixa.pt\/wp-content\/uploads\/2024\/12\/545674-1.png\" alt=\"\"><\/span>&nbsp;29-01-2026\n        <\/p>\n        <div class=\"data-layout-selected u-clearfix u-expanded-width u-gutter-0 u-layout-wrap u-layout-wrap-1\">\n          <div class=\"u-layout\" style=\"\">\n            <div class=\"u-layout-row\" style=\"\">\n              <div class=\"u-align-center-lg u-align-center-xl u-container-style u-layout-cell u-left-cell u-size-30 u-size-xs-60 u-white u-layout-cell-1\" src=\"\" data-animation-name=\"customAnimationIn\" data-animation-duration=\"1500\" data-animation-delay=\"500\">\n                <div class=\"u-container-layout u-valign-bottom-md u-valign-bottom-xl u-container-layout-1\" src=\"\">\n                  <img decoding=\"async\" alt=\"\" class=\"u-expanded-width u-image u-image-default u-image-1\" data-animation-name=\"customAnimationIn\" data-animation-duration=\"1500\" data-animation-delay=\"500\" src=\"https:\/\/aecondeixa.pt\/wp-content\/uploads\/2026\/01\/photo-1596573661411-1c307c7b474b-1.jpeg\">\n                <\/div>\n              <\/div>\n              <div class=\"u-container-align-left u-container-style u-layout-cell u-right-cell u-shape-rectangle u-size-30 u-size-xs-60 u-white u-layout-cell-2\" data-animation-name=\"customAnimationIn\" data-animation-duration=\"1500\" data-animation-delay=\"750\">\n                <div class=\"u-container-layout u-container-layout-2\">\n                  <h2 class=\"u-align-left u-text u-text-2\"> Dia da Mem\u00f3ria do Holocausto<\/h2>\n                  <p class=\"u-align-left u-text u-text-3\"> O Agrupamento de Escolas de Condeixa, comemora o Dia da Mem\u00f3ria do Holocausto com um leque de iniciativas e atividades, que entende alargar a toda a comunidade educativa, Vivemos tempos em que os valores universais de democracia, liberdade e toler\u00e2ncia s\u00e3o postos em causa. <br>\u00c9 urgente fazer uma reflex\u00e3o coletiva de modo a contribuir para a forma\u00e7\u00e3o de consci\u00eancias cr\u00edticas e informadas. <br>Partilhamos  testemunhos de sobreviventes do Holocausto, praticado durante a II Guerra Mundial, que sentem o dever moral de Mem\u00f3ria. <br>Como afirma o c\u00e9lebre fil\u00f3sofo, George Santayana:\n                  <\/p>\n                  <p class=\"u-align-left u-text u-text-4\"> \"<b>Aqueles que n\u00e3o conseguem lembrar o passado est\u00e3o condenados a repeti-lo\"<\/b>.\n                  <\/p>\n                  <h4 class=\"u-align-left u-text u-text-5\">Sobreviventes do Holocausto contam suas hist\u00f3rias<\/h4>\n                  <p class=\"u-align-left u-text u-text-6\">\n                    <a class=\"u-btn u-button-link u-button-style u-text-palette-1-base u-btn-1\" href=\"https:\/\/www.youtube.com\/watch?v=GKmXiNt4QKU&amp;authuser=0\" target=\"_blank\"> Testemunho 1<\/a>\n                  <\/p>\n                  <a class=\"u-btn u-button-link u-button-style u-text-palette-1-base u-btn-2\" href=\"https:\/\/www.youtube.com\/watch?v=fCbKUry8FdI&amp;authuser=0\" target=\"_blank\">Testemunho 2<\/a>\n                  <a class=\"u-btn u-button-link u-button-style u-text-palette-1-base u-btn-3\" href=\"https:\/\/www.youtube.com\/watch?v=s5zpv-JyBAk&amp;authuser=0\" target=\"_blank\">Testemunho 3<\/a>\n                  <a class=\"u-btn u-button-link u-button-style u-text-palette-1-base u-btn-4\" href=\"https:\/\/www.youtube.com\/watch?v=B-bv4vtI0Dk\" target=\"_blank\">Testemunho 4<\/a>\n                  <a class=\"u-btn u-button-link u-button-style u-text-palette-1-base u-btn-5\" href=\"https:\/\/www.youtube.com\/watch?v=nQ_4KaLbWzA\" target=\"_blank\">Testemunho 5<\/a>\n                <\/div>\n              <\/div>\n            <\/div>\n          <\/div>\n        <\/div>\n      <\/div>\n    <\/section>\n    <section class=\"u-align-center u-clearfix u-container-align-center u-palette-3-base u-section-12\" id=\"sec-7f31\">\n      <div class=\"u-clearfix u-sheet u-sheet-1\">\n        <p class=\"u-align-left u-text u-text-1\">\n          <span class=\"u-file-icon u-icon\"><img decoding=\"async\" src=\"https:\/\/aecondeixa.pt\/wp-content\/uploads\/2024\/12\/545674-1.png\" alt=\"\"><\/span>&nbsp;19-01-2026\n        <\/p>\n        <h1 class=\"u-align-center u-custom-font u-font-abril-fatface u-text u-text-default u-text-2\"> Comunicado importante \u00e0 comunidade educativa<\/h1>\n        <a href=\"https:\/\/aecondeixa.pt\/wp-content\/uploads\/2026\/01\/Comunicado.pdf\" class=\"u-btn u-button-style u-file-link u-hover-palette-1-dark-1 u-palette-1-base u-btn-1\" target=\"_blank\"> ler mais<\/a>\n      <\/div>\n    <\/section>\n    \n    \n    \n  \n<\/div>","protected":false},"excerpt":{"rendered":"<p>&nbsp;15-04-2026 Iniciativa no \u00e2mbito das comemora\u00e7\u00f5es do 52\u00baanivers\u00e1rio do 25 de Abril &nbsp;14-04-2026 Aviso de Calendariza\u00e7\u00e3o de Matr\u00edculas | Renova\u00e7\u00e3o, [&hellip;]<\/p>\n","protected":false},"author":1,"featured_media":0,"parent":0,"menu_order":0,"comment_status":"closed","ping_status":"closed","template":"","meta":{"site-sidebar-layout":"default","site-content-layout":"","ast-site-content-layout":"default","site-content-style":"default","site-sidebar-style":"default","ast-global-header-display":"","ast-banner-title-visibility":"","ast-main-header-display":"","ast-hfb-above-header-display":"","ast-hfb-below-header-display":"","ast-hfb-mobile-header-display":"","site-post-title":"","ast-breadcrumbs-content":"","ast-featured-img":"","footer-sml-layout":"","ast-disable-related-posts":"","theme-transparent-header-meta":"","adv-header-id-meta":"","stick-header-meta":"","header-above-stick-meta":"","header-main-stick-meta":"","header-below-stick-meta":"","astra-migrate-meta-layouts":"default","ast-page-background-enabled":"default","ast-page-background-meta":{"desktop":{"background-color":"var(--ast-global-color-4)","background-image":"","background-repeat":"repeat","background-position":"center center","background-size":"auto","background-attachment":"scroll","background-type":"","background-media":"","overlay-type":"","overlay-color":"","overlay-opacity":"","overlay-gradient":""},"tablet":{"background-color":"","background-image":"","background-repeat":"repeat","background-position":"center center","background-size":"auto","background-attachment":"scroll","background-type":"","background-media":"","overlay-type":"","overlay-color":"","overlay-opacity":"","overlay-gradient":""},"mobile":{"background-color":"","background-image":"","background-repeat":"repeat","background-position":"center center","background-size":"auto","background-attachment":"scroll","background-type":"","background-media":"","overlay-type":"","overlay-color":"","overlay-opacity":"","overlay-gradient":""}},"ast-content-background-meta":{"desktop":{"background-color":"var(--ast-global-color-5)","background-image":"","background-repeat":"repeat","background-position":"center center","background-size":"auto","background-attachment":"scroll","background-type":"","background-media":"","overlay-type":"","overlay-color":"","overlay-opacity":"","overlay-gradient":""},"tablet":{"background-color":"var(--ast-global-color-5)","background-image":"","background-repeat":"repeat","background-position":"center center","background-size":"auto","background-attachment":"scroll","background-type":"","background-media":"","overlay-type":"","overlay-color":"","overlay-opacity":"","overlay-gradient":""},"mobile":{"background-color":"var(--ast-global-color-5)","background-image":"","background-repeat":"repeat","background-position":"center center","background-size":"auto","background-attachment":"scroll","background-type":"","background-media":"","overlay-type":"","overlay-color":"","overlay-opacity":"","overlay-gradient":""}},"footnotes":""},"class_list":["post-3048","page","type-page","status-publish","hentry"],"_links":{"self":[{"href":"https:\/\/aecondeixa.pt\/index.php?rest_route=\/wp\/v2\/pages\/3048","targetHints":{"allow":["GET"]}}],"collection":[{"href":"https:\/\/aecondeixa.pt\/index.php?rest_route=\/wp\/v2\/pages"}],"about":[{"href":"https:\/\/aecondeixa.pt\/index.php?rest_route=\/wp\/v2\/types\/page"}],"author":[{"embeddable":true,"href":"https:\/\/aecondeixa.pt\/index.php?rest_route=\/wp\/v2\/users\/1"}],"replies":[{"embeddable":true,"href":"https:\/\/aecondeixa.pt\/index.php?rest_route=%2Fwp%2Fv2%2Fcomments&post=3048"}],"version-history":[{"count":25,"href":"https:\/\/aecondeixa.pt\/index.php?rest_route=\/wp\/v2\/pages\/3048\/revisions"}],"predecessor-version":[{"id":3164,"href":"https:\/\/aecondeixa.pt\/index.php?rest_route=\/wp\/v2\/pages\/3048\/revisions\/3164"}],"wp:attachment":[{"href":"https:\/\/aecondeixa.pt\/index.php?rest_route=%2Fwp%2Fv2%2Fmedia&parent=3048"}],"curies":[{"name":"wp","href":"https:\/\/api.w.org\/{rel}","templated":true}]}}