{"id":45,"date":"2023-10-04T02:35:24","date_gmt":"2023-10-04T02:35:24","guid":{"rendered":"http:\/\/localhost\/wordpress\/?page_id=3"},"modified":"2024-04-05T10:19:23","modified_gmt":"2024-04-05T10:19:23","slug":"politica-privacidade","status":"publish","type":"page","link":"https:\/\/aecondeixa.pt\/?page_id=45","title":{"rendered":"Pol\u00edtica de privacidade"},"content":{"rendered":"<div class=\"\" style=\"\" >\n  \n    \n    <section class=\"u-clearfix u-section-2\" id=\"sec-412b\">\n      <div class=\"u-clearfix u-sheet u-valign-middle u-sheet-1\">\n        <h3 class=\"u-align-center u-text u-text-default u-text-1\"> Pol\u00edtica de privacidade<br>e<br>Prote\u00e7\u00e3o de dados\n        <\/h3>\n      <\/div>\n    <\/section>\n    <section class=\"u-clearfix u-grey-5 u-section-3\" id=\"carousel_5c2f\">\n      <div class=\"u-clearfix u-sheet u-valign-middle u-sheet-1\">\n        <div class=\"data-layout-selected u-clearfix u-expanded-width u-layout-wrap u-layout-wrap-1\">\n          <div class=\"u-layout\">\n            <div class=\"u-layout-row\">\n              <div class=\"u-container-style u-layout-cell u-shape-rectangle u-size-30 u-layout-cell-1\">\n                <div class=\"u-container-layout u-container-layout-1\">\n                  <img decoding=\"async\" class=\"u-expanded-width u-image u-image-round u-radius-25 u-image-1\" src=\"https:\/\/aecondeixa.pt\/wp-content\/uploads\/2024\/04\/jhhj.jpg\" alt=\"\" data-image-width=\"1000\" data-image-height=\"667\">\n                  <h5 class=\"u-text u-text-1\">\n                    <a class=\"u-btn u-button-link u-button-style u-file-link u-text-active-palette-2-base u-text-grey-80 u-text-hover-palette-2-light-1 u-btn-1\" href=\"https:\/\/aecondeixa.pt\/wp-content\/uploads\/2024\/04\/Protecao_Dados_AECN_20222023.pdf\" target=\"_blank\">Descarregue o Regulamento Completo Aqui (em PDF)<\/a>\n                  <\/h5>\n                <\/div>\n              <\/div>\n              <div class=\"u-align-left u-container-style u-layout-cell u-size-30 u-layout-cell-2\">\n                <div class=\"u-container-layout u-container-layout-2\">\n                  <p class=\"u-text u-text-2\"><!--[if !supportLists]-->A.&nbsp;&nbsp;<span style=\"font-weight: 700;\">Objetivos&nbsp;<\/span>\n                    <br>Este Regulamento, como prev\u00ea o Regulamento (UE) 2016\/679 do Parlamento Europeu e do Conselho, de 27 de abril, vulgo Regulamento Geral de Prote\u00e7\u00e3o de Dados (RGPD), tern como objetivo:\n&nbsp;&nbsp;<!--[if !supportLists]-->\n                    <br>a)&nbsp;Estabelecer as regras relativas\n\u00e0 prote\u00e7\u00e3o\ndas pessoas\nsingulares no que diz\nrespeito ao tratamento de\ndados pessoais;&nbsp;<!--[if !supportLists]-->\n                    <br>b)&nbsp;<!--[endif]-->Defender os direitos das pessoas singulares relativamente \u00e0 prote\u00e7\u00e3o dos dados pessoais;&nbsp;<!--[if !supportLists]-->\n                    <br>c)&nbsp;Facilitar o acesso, retifica\u00e7\u00e3o, limita\u00e7\u00e3o, transfer\u00eancia e elimina\u00e7\u00e3o de dados pessoais fornecidos;&nbsp;<!--[if !supportLists]-->\n                    <br>d)&nbsp;Promover a monitoriza\u00e7\u00e3o do sistema de prote\u00e7\u00e3o de dados das pessoas singulares;&nbsp;<!--[if !supportLists]-->\n                    <br>e)&nbsp;Minimizar os riscos de acesso ou tratamento indevido;&nbsp;<!--[if !supportLists]-->\n                    <br>f)&nbsp;Refor\u00e7ar a confian\u00e7a dos utentes nas institui\u00e7\u00f5es;&nbsp;<!--[if !supportLists]-->\n                    <br>g)&nbsp;Incrementar a qualidade do servi\u00e7o p\u00fablico prestado.\n                  <\/p>\n                <\/div>\n              <\/div>\n            <\/div>\n          <\/div>\n        <\/div>\n      <\/div>\n    <\/section>\n    <section class=\"u-clearfix u-container-align-left u-section-4\" id=\"carousel_afd8\">\n      <div class=\"u-clearfix u-sheet u-sheet-1\">\n        <h2 class=\"u-align-left u-text u-text-default u-text-1\"> POL\u00cdTICA DE UTILIZA\u00c7\u00c3O ACEIT\u00c1VEL <br>DAS TECNOLOGIAS DE INFORMA\u00c7\u00c3O E COMUNICA\u00c7\u00c3O&nbsp;<br>\n        <\/h2>\n        <p class=\"u-align-left u-text u-text-2\"><!--[if !supportLists]--><b>I.&nbsp; <\/b><!--[endif]--><b>Introdu\u00e7\u00e3o<\/b>\n          <span style=\"font-weight: 700;\">&nbsp;<\/span>\n          <br>\n          <br>No \u00e2mbito da Transi\u00e7\u00e3o Digital e refletindo sobre o\nempenho na promo\u00e7\u00e3o de compet\u00eancias digitais de alunos, docentes e n\u00e3o docentes, o Agrupamento de Escolas de\nCondeixa-a-Nova (AECN) disponibiliza a todos os alunos,\ndocentes, n\u00e3o docentes o acesso a meios digitais, pretendendo que o seu funcionamento resulte de forma mais eficiente,\ninteligente e transparente, o que \u00e9 poss\u00edvel atrav\u00e9s da explora\u00e7\u00e3o\ndo potencial das tecnologias digitais e da utiliza\u00e7\u00e3o inteligente dos dados. \u00c9,\ntamb\u00e9m, fundamental garantir que este processo seja feito\ncom respeito pelos princ\u00edpios da confian\u00e7a, da transpar\u00eancia e da prote\u00e7\u00e3o da privacidade e dos dados.\nNeste contexto e no sentido de valorizar o\ntrabalho institucional, de maneira id\u00f4nea e respons\u00e1vel, estabelecem-se,\nneste documento, regras, normas, diretrizes e orienta\u00e7\u00f5es acerca das \u00e1reas competentes \u00e0 tecnologia da informa\u00e7\u00e3o e comunica\u00e7\u00e3o\n(TIC). Para tal, abaixo, ser\u00e3o abordados conjuntos de instru\u00e7\u00f5es\ndirecionadas ao usu\u00e1rio, contendo procedimentos a serem adotados, visando\nmelhores resultados e um melhor provimento das melhores t\u00e9cnicas de seguran\u00e7a.\n        <\/p>\n        <img decoding=\"async\" class=\"u-image u-image-default u-image-1\" src=\"https:\/\/aecondeixa.pt\/wp-content\/uploads\/2024\/04\/assinatura.jpg\" alt=\"\" data-image-width=\"305\" data-image-height=\"94\">\n        <h5 class=\"u-align-left u-text u-text-3\">\n          <a class=\"u-btn u-button-link u-button-style u-file-link u-text-active-palette-2-base u-text-grey-80 u-text-hover-palette-2-light-1 u-btn-1\" href=\"https:\/\/aecondeixa.pt\/wp-content\/uploads\/2024\/04\/PUA_AECN_2222_23_V1.pdf\" target=\"_blank\">Descarregue a PUA Completa Aqui (em PDF)<\/a>\n        <\/h5>\n      <\/div>\n    <\/section>\n    \n    \n    \n  \n<\/div>","protected":false},"excerpt":{"rendered":"<p>Pol\u00edtica de privacidadeeProte\u00e7\u00e3o de dados Descarregue o Regulamento Completo Aqui (em PDF) A.&nbsp;&nbsp;Objetivos&nbsp; Este Regulamento, como prev\u00ea o Regulamento (UE) [&hellip;]<\/p>\n","protected":false},"author":1,"featured_media":0,"parent":0,"menu_order":0,"comment_status":"closed","ping_status":"open","template":"","meta":{"site-sidebar-layout":"default","site-content-layout":"","ast-site-content-layout":"default","site-content-style":"default","site-sidebar-style":"default","ast-global-header-display":"","ast-banner-title-visibility":"","ast-main-header-display":"","ast-hfb-above-header-display":"","ast-hfb-below-header-display":"","ast-hfb-mobile-header-display":"","site-post-title":"","ast-breadcrumbs-content":"","ast-featured-img":"","footer-sml-layout":"","ast-disable-related-posts":"","theme-transparent-header-meta":"default","adv-header-id-meta":"","stick-header-meta":"","header-above-stick-meta":"","header-main-stick-meta":"","header-below-stick-meta":"","astra-migrate-meta-layouts":"set","ast-page-background-enabled":"default","ast-page-background-meta":{"desktop":{"background-color":"var(--ast-global-color-4)","background-image":"","background-repeat":"repeat","background-position":"center center","background-size":"auto","background-attachment":"scroll","background-type":"","background-media":"","overlay-type":"","overlay-color":"","overlay-opacity":"","overlay-gradient":""},"tablet":{"background-color":"","background-image":"","background-repeat":"repeat","background-position":"center center","background-size":"auto","background-attachment":"scroll","background-type":"","background-media":"","overlay-type":"","overlay-color":"","overlay-opacity":"","overlay-gradient":""},"mobile":{"background-color":"","background-image":"","background-repeat":"repeat","background-position":"center center","background-size":"auto","background-attachment":"scroll","background-type":"","background-media":"","overlay-type":"","overlay-color":"","overlay-opacity":"","overlay-gradient":""}},"ast-content-background-meta":{"desktop":{"background-color":"var(--ast-global-color-5)","background-image":"","background-repeat":"repeat","background-position":"center center","background-size":"auto","background-attachment":"scroll","background-type":"","background-media":"","overlay-type":"","overlay-color":"","overlay-opacity":"","overlay-gradient":""},"tablet":{"background-color":"var(--ast-global-color-5)","background-image":"","background-repeat":"repeat","background-position":"center center","background-size":"auto","background-attachment":"scroll","background-type":"","background-media":"","overlay-type":"","overlay-color":"","overlay-opacity":"","overlay-gradient":""},"mobile":{"background-color":"var(--ast-global-color-5)","background-image":"","background-repeat":"repeat","background-position":"center center","background-size":"auto","background-attachment":"scroll","background-type":"","background-media":"","overlay-type":"","overlay-color":"","overlay-opacity":"","overlay-gradient":""}},"footnotes":""},"class_list":["post-45","page","type-page","status-publish","hentry"],"_links":{"self":[{"href":"https:\/\/aecondeixa.pt\/index.php?rest_route=\/wp\/v2\/pages\/45","targetHints":{"allow":["GET"]}}],"collection":[{"href":"https:\/\/aecondeixa.pt\/index.php?rest_route=\/wp\/v2\/pages"}],"about":[{"href":"https:\/\/aecondeixa.pt\/index.php?rest_route=\/wp\/v2\/types\/page"}],"author":[{"embeddable":true,"href":"https:\/\/aecondeixa.pt\/index.php?rest_route=\/wp\/v2\/users\/1"}],"replies":[{"embeddable":true,"href":"https:\/\/aecondeixa.pt\/index.php?rest_route=%2Fwp%2Fv2%2Fcomments&post=45"}],"version-history":[{"count":6,"href":"https:\/\/aecondeixa.pt\/index.php?rest_route=\/wp\/v2\/pages\/45\/revisions"}],"predecessor-version":[{"id":1532,"href":"https:\/\/aecondeixa.pt\/index.php?rest_route=\/wp\/v2\/pages\/45\/revisions\/1532"}],"wp:attachment":[{"href":"https:\/\/aecondeixa.pt\/index.php?rest_route=%2Fwp%2Fv2%2Fmedia&parent=45"}],"curies":[{"name":"wp","href":"https:\/\/api.w.org\/{rel}","templated":true}]}}