{"id":722,"date":"2024-01-24T12:53:32","date_gmt":"2024-01-24T12:53:32","guid":{"rendered":"http:\/\/localhost\/wordpress\/?page_id=722"},"modified":"2026-04-28T00:00:48","modified_gmt":"2026-04-28T00:00:48","slug":"concursos","status":"publish","type":"page","link":"https:\/\/aecondeixa.pt\/?page_id=722","title":{"rendered":"Concursos"},"content":{"rendered":"<div class=\"\" style=\"\" >\n  \n    \n    <section class=\"u-clearfix u-container-align-center-xs u-section-2\" id=\"carousel_7b2a\">\n      <div class=\"u-clearfix u-sheet u-valign-middle-xs u-sheet-1\">\n        <div class=\"u-expanded-width-xs u-palette-5-light-2 u-shape u-shape-rectangle u-shape-1\" data-animation-name=\"customAnimationIn\" data-animation-duration=\"1500\" data-animation-delay=\"500\"><\/div>\n        <img decoding=\"async\" class=\"u-align-left u-image u-image-1\" src=\"https:\/\/aecondeixa.pt\/wp-content\/uploads\/2024\/02\/contrato.jpg\" data-image-width=\"377\" data-image-height=\"379\" data-animation-name=\"customAnimationIn\" data-animation-duration=\"1500\" data-animation-delay=\"500\">\n        <div class=\"u-align-left u-container-align-center-sm u-container-align-center-xs u-container-align-left u-container-align-left-lg u-container-align-left-md u-container-align-left-xl u-container-style u-expanded-width-xs u-group u-white u-group-1\" data-animation-name=\"customAnimationIn\" data-animation-duration=\"1500\" data-animation-delay=\"500\">\n          <div class=\"u-container-layout u-valign-middle u-container-layout-1\">\n            <h1 class=\"u-align-center-sm u-align-center-xs u-align-left-lg u-align-left-md u-align-left-xl u-text u-text-default u-text-1\"> Concursos e Contratos<\/h1>\n            <p class=\"u-align-center-sm u-align-center-xs u-align-left-lg u-align-left-md u-align-left-xl u-text u-text-2\">Concursos e contrata\u00e7\u00e3o p\u00fablica para Docentes<\/p>\n            <a href=\"#Anuncio_procedimento\" class=\"u-active-palette-2-base u-align-center-sm u-align-center-xs u-align-left-lg u-align-left-md u-align-left-xl u-border-none u-btn u-button-style u-hover-palette-2-light-2 u-palette-2-base u-btn-1\" data-animation-name=\"\" data-animation-duration=\"0\" data-animation-delay=\"0\" data-animation-direction=\"\">Ler Mais<\/a>\n          <\/div>\n        <\/div>\n      <\/div>\n    <\/section>\n    <section class=\"u-align-center u-clearfix u-container-align-center u-section-3\" id=\"Concursos_Docentes\">\n      <div class=\"u-clearfix u-sheet u-sheet-1\">\n        <h4 class=\"u-align-center u-custom-font u-font-open-sans u-text u-text-default u-text-1\"> Concursos - Contrata\u00e7\u00e3o <\/h4>\n        <p class=\"u-align-right u-text u-text-palette-2-base u-text-2\">Nota - Todos os documentos est\u00e3o em formato PDF<\/p>\n        <div class=\"u-accordion u-expanded-width u-spacing-2 u-accordion-1\">\n          <div class=\"u-accordion-item\">\n            <a class=\"active u-accordion-link u-active-palette-2-base u-border-1 u-border-active-grey-25 u-border-grey-30 u-border-hover-grey-30 u-border-no-left u-border-no-right u-border-no-top u-button-style u-hover-palette-2-base u-palette-2-light-1 u-text-active-white u-text-hover-white u-text-white u-accordion-link-1\" id=\"link-accordion-7c0e\" aria-controls=\"accordion-7c0e\" aria-selected=\"true\">\n              <span class=\"u-accordion-link-text\"> Contrata\u00e7\u00e3o Escola<\/span>\n              <span class=\"u-accordion-link-icon u-icon u-text-grey-40 u-icon-1\"><svg class=\"u-svg-link\" preserveAspectRatio=\"xMidYMin slice\" viewBox=\"0 0 512 512\" style=\"\"><use xmlns:xlink=\"http:\/\/www.w3.org\/1999\/xlink\" xlink:href=\"#svg-efea\"><\/use><\/svg><svg xmlns=\"http:\/\/www.w3.org\/2000\/svg\" xmlns:xlink=\"http:\/\/www.w3.org\/1999\/xlink\" version=\"1.1\" xml:space=\"preserve\" class=\"u-svg-content\" viewBox=\"0 0 512 512\" x=\"0px\" y=\"0px\" id=\"svg-efea\" style=\"enable-background:new 0 0 512 512;\"><g><g><path d=\"M509.121,125.966c-3.838-3.838-10.055-3.838-13.893,0L256.005,365.194L16.771,125.966c-3.838-3.838-10.055-3.838-13.893,0    c-3.838,3.838-3.838,10.055,0,13.893l246.18,246.175c1.842,1.842,4.337,2.878,6.947,2.878c2.61,0,5.104-1.036,6.946-2.878    l246.17-246.175C512.959,136.021,512.959,129.804,509.121,125.966z\"><\/path>\n<\/g>\n<\/g><\/svg><\/span>\n            <\/a>\n            <div class=\"u-accordion-active u-accordion-pane u-align-left u-container-style u-accordion-pane-1\" id=\"accordion-7c0e\" aria-labelledby=\"link-accordion-7c0e\" aria-expanded=\"true\">\n              <div class=\"u-container-layout u-container-layout-1\">\n                <h6 class=\"u-text u-text-default u-text-grey-80 u-text-3\"> Grupo 500<\/h6>\n                <a class=\"u-btn u-button-link u-button-style u-file-link u-text-active-palette-2-base u-text-grey-80 u-text-hover-palette-2-light-1 u-btn-1\" href=\"https:\/\/aecondeixa.pt\/wp-content\/uploads\/2026\/04\/Lista_Ordenacao_Candidatos.pdf\" target=\"_blank\">\u2013&nbsp;\u200bLista de ordena\u00e7\u00e3o de candidatos (DGAE) 500 - Matem\u00e1tica - 2026<br>\n                <\/a>\n                <h6 class=\"u-text u-text-default u-text-grey-80 u-text-4\"> Grupo 300<\/h6>\n                <a class=\"u-btn u-button-link u-button-style u-file-link u-text-active-palette-2-base u-text-grey-80 u-text-hover-palette-2-light-1 u-btn-2\" href=\"https:\/\/aecondeixa.pt\/wp-content\/uploads\/2026\/02\/Lista_Ordenacao_DGAE_300.pdf\" target=\"_blank\">\u2013&nbsp;\u200bLista de ordena\u00e7\u00e3o de candidatos (DGAE)&nbsp;300 - Portugu\u00eas - 2026<br>\n                <\/a>\n                <a class=\"u-btn u-button-link u-button-style u-file-link u-text-active-palette-2-base u-text-grey-80 u-text-hover-palette-2-light-1 u-btn-3\" href=\"https:\/\/aecondeixa.pt\/wp-content\/uploads\/2026\/03\/Lista_Ordenada_DGAE_V2.pdf\" target=\"_blank\">\u2013&nbsp;\u200bLista de ordena\u00e7\u00e3o de candidatos (DGAE)&nbsp;300 - Portugu\u00eas - 2026 - V2<br>\n                <\/a>\n                <h6 class=\"u-text u-text-default u-text-grey-80 u-text-5\"> Grupo 230<\/h6>\n                <a class=\"u-btn u-button-link u-button-style u-file-link u-text-active-palette-2-base u-text-grey-80 u-text-hover-palette-2-light-1 u-btn-4\" href=\"https:\/\/aecondeixa.pt\/wp-content\/uploads\/2026\/02\/Lista_Ordenacao_230_DGAE.pdf\" target=\"_blank\">\u2013&nbsp;\u200bLista de ordena\u00e7\u00e3o de candidatos (DGAE)&nbsp;230 - Matem\u00e1tica e Ci\u00eancias - 2026<br>\n                <\/a>\n                <h6 class=\"u-text u-text-default u-text-grey-80 u-text-6\"> Grupo 200<\/h6>\n                <a class=\"u-btn u-button-link u-button-style u-file-link u-text-active-palette-2-base u-text-grey-80 u-text-hover-palette-2-light-1 u-btn-5\" href=\"https:\/\/aecondeixa.pt\/wp-content\/uploads\/2026\/02\/Lista_Ordenacao_DGAE_200.pdf\" target=\"_blank\">\u2013&nbsp;\u200bLista de ordena\u00e7\u00e3o de candidatos (DGAE)&nbsp;200 - Portugu\u00eas e Estudos Sociais\/Hist\u00f3ria - 2026<br>\n                <\/a>\n                <a class=\"u-btn u-button-link u-button-style u-file-link u-text-active-palette-2-base u-text-grey-80 u-text-hover-palette-2-light-1 u-btn-6\" href=\"https:\/\/aecondeixa.pt\/wp-content\/uploads\/2026\/03\/Lista_Ordenao_200_DGAE_V2.pdf\" target=\"_blank\">\u2013&nbsp;\u200bLista de ordena\u00e7\u00e3o de candidatos (DGAE)&nbsp;200 - Portugu\u00eas e Estudos Sociais\/Hist\u00f3ria - 2026 - V2<br>\n                <\/a>\n              <\/div>\n            <\/div>\n          <\/div>\n          <div class=\"u-accordion-item\">\n            <a class=\"u-accordion-link u-active-palette-2-base u-border-1 u-border-active-grey-25 u-border-grey-30 u-border-hover-grey-30 u-border-no-left u-border-no-right u-border-no-top u-button-style u-hover-palette-2-base u-palette-2-light-1 u-text-active-white u-text-hover-white u-text-white u-accordion-link-2\" id=\"link-8798\" aria-controls=\"8798\" aria-selected=\"false\">\n              <span class=\"u-accordion-link-text\"> Centro Forma\u00e7\u00e3o Nova \u00c1gora<\/span>\n              <span class=\"u-accordion-link-icon u-icon u-text-grey-40 u-icon-2\"><svg class=\"u-svg-link\" preserveAspectRatio=\"xMidYMin slice\" viewBox=\"0 0 16 16\" style=\"\"><use xlink:href=\"#svg-22e4\"><\/use><\/svg><svg class=\"u-svg-content\" viewBox=\"0 0 16 16\" x=\"0px\" y=\"0px\" id=\"svg-22e4\"><path d=\"M8,10.7L1.6,5.3c-0.4-0.4-1-0.4-1.3,0c-0.4,0.4-0.4,0.9,0,1.3l7.2,6.1c0.1,0.1,0.4,0.2,0.6,0.2s0.4-0.1,0.6-0.2l7.1-6\n\tc0.4-0.4,0.4-0.9,0-1.3c-0.4-0.4-1-0.4-1.3,0L8,10.7z\"><\/path><\/svg><\/span>\n            <\/a>\n            <div class=\"u-accordion-pane u-align-left u-container-align-left u-container-style u-accordion-pane-2\" id=\"8798\" aria-labelledby=\"link-8798\" aria-expanded=\"true\">\n              <div class=\"u-container-layout u-container-layout-2\">\n                <a class=\"u-btn u-button-link u-button-style u-file-link u-text-active-palette-2-base u-text-grey-80 u-text-hover-palette-2-light-1 u-btn-7\" href=\"https:\/\/aecondeixa.pt\/wp-content\/uploads\/2026\/01\/Aviso_abertura_Concurso_Diretor_Nova_Agora2025.pdf\" target=\"_blank\">\u2013&nbsp;\u200bCentro de Forma\u00e7\u00e3o aviso de abertura Concurso Diretor Nova \u00c1gora&nbsp;2026\/30<\/a>\n                <a class=\"u-btn u-button-link u-button-style u-file-link u-text-active-palette-2-base u-text-grey-80 u-text-hover-palette-2-light-1 u-btn-8\" href=\"https:\/\/aecondeixa.pt\/wp-content\/uploads\/2026\/01\/Procedimento_concursal_Nova_Agora2025-1.pdf\" target=\"_blank\">\u2013&nbsp;\u200b\u200b\u200bProcedimento Concursal Nova \u00c1gora 2026\/30<br>\n                <\/a>\n                <a class=\"u-btn u-button-link u-button-style u-file-link u-text-active-palette-2-base u-text-grey-80 u-text-hover-palette-2-light-1 u-btn-9\" href=\"https:\/\/aecondeixa.pt\/wp-content\/uploads\/2026\/01\/Aviso_N253_2026.pdf\" target=\"_blank\">\u2013&nbsp;\u200b\u200b\u200b\u200bConcurso para Diretor do Centro de Forma\u00e7\u00e3o Nova \u00c1gora&nbsp;2026\/30<br>\n                <\/a>\n                <a class=\"u-btn u-button-link u-button-style u-file-link u-text-active-palette-2-base u-text-grey-80 u-text-hover-palette-2-light-1 u-btn-10\" href=\"https:\/\/aecondeixa.pt\/wp-content\/uploads\/2026\/01\/Lista_Candidatos_Admitidos_e_Excluidos_Proc_ConcursalCFAE2026.pdf\" target=\"_blank\">\u2013&nbsp;\u200b\u200b\u200b\u200b\u200bLista de Candidatos Admitidos e Excluidos Procedimento Concursal CFAE 2026\/30<br>\n                <\/a>\n                <a class=\"u-btn u-button-link u-button-style u-file-link u-text-active-palette-2-base u-text-grey-80 u-text-hover-palette-2-light-1 u-btn-11\" href=\"https:\/\/aecondeixa.pt\/wp-content\/uploads\/2026\/02\/ListaOrdenada_Final.pdf\" target=\"_blank\">\u2013&nbsp;\u200bLista ordenada final do Procedimento concursal de recrutamento&nbsp;(publicado em 20\/2\/2026) CFAE 2026\/30<br>\n                <\/a>\n              <\/div>\n            <\/div>\n          <\/div>\n          <div class=\"u-accordion-item\">\n            <a class=\"u-accordion-link u-active-palette-2-base u-border-1 u-border-active-grey-25 u-border-grey-30 u-border-hover-grey-30 u-border-no-left u-border-no-right u-border-no-top u-button-style u-hover-palette-2-base u-palette-2-light-1 u-text-active-white u-text-hover-white u-text-white u-accordion-link-3\" id=\"link-058b\" aria-controls=\"058b\" aria-selected=\"false\">\n              <span class=\"u-accordion-link-text\"> Professor(a) Bibliotecario(a)<\/span>\n              <span class=\"u-accordion-link-icon u-icon u-text-grey-40 u-icon-3\"><svg class=\"u-svg-link\" preserveAspectRatio=\"xMidYMin slice\" viewBox=\"0 0 16 16\" style=\"\"><use xlink:href=\"#svg-9e7c\"><\/use><\/svg><svg class=\"u-svg-content\" viewBox=\"0 0 16 16\" x=\"0px\" y=\"0px\" id=\"svg-9e7c\"><path d=\"M8,10.7L1.6,5.3c-0.4-0.4-1-0.4-1.3,0c-0.4,0.4-0.4,0.9,0,1.3l7.2,6.1c0.1,0.1,0.4,0.2,0.6,0.2s0.4-0.1,0.6-0.2l7.1-6\n\tc0.4-0.4,0.4-0.9,0-1.3c-0.4-0.4-1-0.4-1.3,0L8,10.7z\"><\/path><\/svg><\/span>\n            <\/a>\n            <div class=\"u-accordion-pane u-align-left u-container-align-left u-container-style u-accordion-pane-3\" id=\"058b\" aria-labelledby=\"link-058b\" aria-expanded=\"true\">\n              <div class=\"u-container-layout u-container-layout-3\">\n                <h6 class=\"u-text u-text-default u-text-grey-80 u-text-7\"> Procedimento \u200bInterno Julho 2024 <\/h6>\n                <a class=\"u-btn u-button-link u-button-style u-file-link u-text-active-palette-2-base u-text-grey-80 u-text-hover-palette-2-light-1 u-btn-12\" href=\"https:\/\/aecondeixa.pt\/wp-content\/uploads\/2024\/07\/Procedimento_Concursal_Interno_Prof_Bibliotecario.pdf\" target=\"_blank\">\u2013&nbsp;\u200bProcedimento Concursal Interno para Professor(a) Bibliotec\u00e1rio(a)<\/a>\n                <h6 class=\"u-text u-text-default u-text-grey-80 u-text-8\"> Procedimento Externo Julho 2021 <\/h6>\n                <ul class=\"u-custom-list u-text u-text-9\">\n                  <a class=\"u-btn u-button-link u-button-style u-file-link u-text-active-palette-2-base u-text-grey-80 u-text-hover-palette-2-light-1 u-btn-13\" href=\"https:\/\/aecondeixa.pt\/wp-content\/uploads\/2024\/04\/1_ProcedimentoProfessorBibliotecario_V1.pdf\" target=\"_blank\">\u2013&nbsp;\u200b\u200bProcedimento Professor(a) Bibliotecario(a) V1<\/a>\n                <\/ul>\n                <a class=\"u-btn u-button-link u-button-style u-file-link u-text-active-palette-2-base u-text-grey-80 u-text-hover-palette-2-light-1 u-btn-14\" href=\"https:\/\/aecondeixa.pt\/wp-content\/uploads\/2024\/04\/2_Lista_Publicacao_BE.pdf\" target=\"_blank\">\u2013&nbsp;\u200b\u200bLista publicacao BE<\/a>\n                <h6 class=\"u-text u-text-default u-text-grey-80 u-text-10\"> Procedimento Interno Julho 2021 <\/h6>\n                <a class=\"u-btn u-button-link u-button-style u-file-link u-text-active-palette-2-base u-text-grey-80 u-text-hover-palette-2-light-1 u-btn-15\" href=\"https:\/\/aecondeixa.pt\/wp-content\/uploads\/2024\/04\/1_ProcedimentoConcursal_Prof_Bibliotecario.pdf\" target=\"_blank\">\u2013&nbsp;\u200b\u200bProcedimento concursal Professor(a) Bibliotecario(a)<\/a>\n              <\/div>\n            <\/div>\n          <\/div>\n        <\/div>\n      <\/div>\n    <\/section>\n    \n    \n    \n    \n  \n<\/div>","protected":false},"excerpt":{"rendered":"<p>Concursos e Contratos Concursos e contrata\u00e7\u00e3o p\u00fablica para Docentes Ler Mais Concursos &#8211; Contrata\u00e7\u00e3o Nota &#8211; Todos os documentos est\u00e3o [&hellip;]<\/p>\n","protected":false},"author":1,"featured_media":0,"parent":0,"menu_order":0,"comment_status":"closed","ping_status":"closed","template":"","meta":{"site-sidebar-layout":"default","site-content-layout":"","ast-site-content-layout":"default","site-content-style":"default","site-sidebar-style":"default","ast-global-header-display":"","ast-banner-title-visibility":"","ast-main-header-display":"","ast-hfb-above-header-display":"","ast-hfb-below-header-display":"","ast-hfb-mobile-header-display":"","site-post-title":"","ast-breadcrumbs-content":"","ast-featured-img":"","footer-sml-layout":"","ast-disable-related-posts":"","theme-transparent-header-meta":"","adv-header-id-meta":"","stick-header-meta":"","header-above-stick-meta":"","header-main-stick-meta":"","header-below-stick-meta":"","astra-migrate-meta-layouts":"default","ast-page-background-enabled":"default","ast-page-background-meta":{"desktop":{"background-color":"var(--ast-global-color-4)","background-image":"","background-repeat":"repeat","background-position":"center center","background-size":"auto","background-attachment":"scroll","background-type":"","background-media":"","overlay-type":"","overlay-color":"","overlay-opacity":"","overlay-gradient":""},"tablet":{"background-color":"","background-image":"","background-repeat":"repeat","background-position":"center center","background-size":"auto","background-attachment":"scroll","background-type":"","background-media":"","overlay-type":"","overlay-color":"","overlay-opacity":"","overlay-gradient":""},"mobile":{"background-color":"","background-image":"","background-repeat":"repeat","background-position":"center center","background-size":"auto","background-attachment":"scroll","background-type":"","background-media":"","overlay-type":"","overlay-color":"","overlay-opacity":"","overlay-gradient":""}},"ast-content-background-meta":{"desktop":{"background-color":"var(--ast-global-color-5)","background-image":"","background-repeat":"repeat","background-position":"center center","background-size":"auto","background-attachment":"scroll","background-type":"","background-media":"","overlay-type":"","overlay-color":"","overlay-opacity":"","overlay-gradient":""},"tablet":{"background-color":"var(--ast-global-color-5)","background-image":"","background-repeat":"repeat","background-position":"center center","background-size":"auto","background-attachment":"scroll","background-type":"","background-media":"","overlay-type":"","overlay-color":"","overlay-opacity":"","overlay-gradient":""},"mobile":{"background-color":"var(--ast-global-color-5)","background-image":"","background-repeat":"repeat","background-position":"center center","background-size":"auto","background-attachment":"scroll","background-type":"","background-media":"","overlay-type":"","overlay-color":"","overlay-opacity":"","overlay-gradient":""}},"footnotes":""},"class_list":["post-722","page","type-page","status-publish","hentry"],"_links":{"self":[{"href":"https:\/\/aecondeixa.pt\/index.php?rest_route=\/wp\/v2\/pages\/722","targetHints":{"allow":["GET"]}}],"collection":[{"href":"https:\/\/aecondeixa.pt\/index.php?rest_route=\/wp\/v2\/pages"}],"about":[{"href":"https:\/\/aecondeixa.pt\/index.php?rest_route=\/wp\/v2\/types\/page"}],"author":[{"embeddable":true,"href":"https:\/\/aecondeixa.pt\/index.php?rest_route=\/wp\/v2\/users\/1"}],"replies":[{"embeddable":true,"href":"https:\/\/aecondeixa.pt\/index.php?rest_route=%2Fwp%2Fv2%2Fcomments&post=722"}],"version-history":[{"count":49,"href":"https:\/\/aecondeixa.pt\/index.php?rest_route=\/wp\/v2\/pages\/722\/revisions"}],"predecessor-version":[{"id":3182,"href":"https:\/\/aecondeixa.pt\/index.php?rest_route=\/wp\/v2\/pages\/722\/revisions\/3182"}],"wp:attachment":[{"href":"https:\/\/aecondeixa.pt\/index.php?rest_route=%2Fwp%2Fv2%2Fmedia&parent=722"}],"curies":[{"name":"wp","href":"https:\/\/api.w.org\/{rel}","templated":true}]}}