{"id":738,"date":"2024-01-24T16:02:05","date_gmt":"2024-01-24T16:02:05","guid":{"rendered":"http:\/\/localhost\/wordpress\/?page_id=738"},"modified":"2025-10-21T13:40:08","modified_gmt":"2025-10-21T13:40:08","slug":"terapia","status":"publish","type":"page","link":"https:\/\/aecondeixa.pt\/?page_id=738","title":{"rendered":"Psicologia_e_Orientacao"},"content":{"rendered":"<div class=\"\" style=\"\" >\n  \n    \n    <section class=\"u-clearfix u-section-2\" id=\"sec-bb6e\">\n      <div class=\"u-clearfix u-sheet u-sheet-1\">\n        <h1 class=\"u-align-left u-text u-text-default u-text-grey-80 u-text-1\"> Servi\u00e7o Psicologia e Orienta\u00e7\u00e3o<\/h1>\n        <img decoding=\"async\" class=\"u-image u-image-default u-image-1\" src=\"https:\/\/aecondeixa.pt\/wp-content\/uploads\/2025\/09\/srter-min.jpg\" alt=\"\" data-image-width=\"1600\" data-image-height=\"1067\">\n        <div class=\"data-layout-selected u-clearfix u-expanded-width u-layout-wrap u-layout-wrap-1\">\n          <div class=\"u-gutter-0 u-layout\">\n            <div class=\"u-layout-col\">\n              <div class=\"u-size-60\">\n                <div class=\"u-layout-row\">\n                  <div class=\"u-align-left u-container-align-left u-container-style u-layout-cell u-left-cell u-shape-rectangle u-size-31 u-layout-cell-1\">\n                    <div class=\"u-container-layout u-container-layout-1\"><\/div>\n                  <\/div>\n                  <div class=\"u-container-style u-layout-cell u-right-cell u-shape-rectangle u-size-29 u-layout-cell-2\">\n                    <div class=\"u-container-layout u-container-layout-2\">\n                      <p class=\"u-align-left u-text u-text-grey-90 u-text-2\"> O Servi\u00e7o de Psicologia tem como miss\u00e3o promover o bem-estar e o desenvolvimento integral dos alunos, apoiando tamb\u00e9m fam\u00edlias, professores e toda a comunidade educativa. <br style=\"\">\n                      <\/p>\n                    <\/div>\n                  <\/div>\n                <\/div>\n              <\/div>\n            <\/div>\n          <\/div>\n        <\/div>\n        <a href=\"https:\/\/aecondeixa.pt\/wp-content\/uploads\/2025\/09\/Servico_de_Psicologia_e_Orientacao_Informacao_para_site_AEC.pdf\" class=\"u-border-none u-btn u-button-style u-file-link u-hover-palette-2-base u-palette-1-base u-text-body-alt-color u-text-hover-white u-btn-1\" target=\"_blank\">Saber mais<\/a>\n      <\/div>\n    <\/section>\n    <section class=\"u-clearfix u-grey-5 u-section-3\" id=\"Psicologia\">\n      <div class=\"u-clearfix u-sheet u-sheet-1\">\n        <h2 class=\"u-align-center u-text u-text-1\">Confian\u00e7a, apoio e escuta - a Psicologia na tua Escola<\/h2>\n      <\/div>\n    <\/section>\n    <section class=\"u-clearfix u-grey-5 u-section-4\" id=\"sec-bf83\">\n      <div class=\"u-clearfix u-sheet u-sheet-1\">\n        <h3 class=\"u-text u-text-1\">Miss\u00e3o<\/h3>\n        <p class=\"u-text u-text-2\"> &nbsp;\u200b1. Apoio Psicol\u00f3gico e Acompanhamento<\/p>\n        <p class=\"u-text u-text-3\"> 2. Avalia\u00e7\u00e3o Psicol\u00f3gica e Psicopedag\u00f3gica<\/p>\n        <p class=\"u-text u-text-4\"> 3. Desenvolvimento Vocacional e Aconselhamento de Carreira<\/p>\n        <p class=\"u-text u-text-5\"> 4. Promo\u00e7\u00e3o do Sucesso e do Bem-Estar<\/p>\n        <p class=\"u-text u-text-6\"> 5. Colabora\u00e7\u00e3o e Trabalho em Rede<\/p>\n        <p class=\"u-text u-text-7\"> 6. Apoio \u00e0 Comunidade Educativa<\/p>\n      <\/div>\n    <\/section>\n    <section class=\"u-clearfix u-grey-5 u-section-5\" id=\"sec-783d\">\n      <div class=\"u-clearfix u-sheet u-sheet-1\">\n        <h3 class=\"u-text u-text-1\"> 10 Motivos para Procurar o Servi\u00e7o de Psicologia<\/h3>\n        <p class=\"u-align-left u-text u-text-2\"> 1. \u200bTens dificuldades em aprender, concentrar-te ou organizar o estudo.<\/p>\n        <p class=\"u-text u-text-3\"> 2. \u200bSentes-te triste, ansioso(a) ou preocupado(a) ou com falta de motiva\u00e7\u00e3o.<\/p>\n        <p class=\"u-text u-text-4\"> 3. \u200bQueres melhorar a tua autoestima e confian\u00e7a.<\/p>\n        <p class=\"u-text u-text-5\"> 4. \u200bTens conflitos com colegas, professores ou em casa.<\/p>\n        <p class=\"u-text u-text-6\"> 5. \u200b\u00c9s v\u00edtima ou testemunha de bullying, cyberbullying ou viol\u00eancia.<\/p>\n        <p class=\"u-text u-text-7\"> 6. \u200bPrecisas de ajuda para tomar decis\u00f5es sobre o teu futuro escolar ou profissional.<\/p>\n        <p class=\"u-align-left u-text u-text-8\">7. \u200b\u200bPassas por mudan\u00e7as na tua vida (ex.: Separa\u00e7\u00e3o dos pais, novas responsabilidades, perda de algu\u00e9m,\u2026).<\/p>\n        <p class=\"u-text u-text-9\"> 8. \u200b\u200bPreocupas-te com consumos (\u00e1lcool, tabaco, drogas) ou passas demasiado tempo em jogos e redes sociais.<\/p>\n        <p class=\"u-text u-text-10\">9. \u200b\u200bQueres aprender estrat\u00e9gias para lidar melhor com o stress e a press\u00e3o.<\/p>\n        <p class=\"u-text u-text-11\">10. \u200b\u200bQueres apenas conversar com algu\u00e9m de confian\u00e7a e sem julgamentos.<\/p>\n        <h3 class=\"u-text u-text-12\"> O atendimento \u00e9 confidencial e gratuito.<br>Pede ajuda ao teu Diretor(a) de turma ou fala diretamente com a psic\u00f3loga\n        <\/h3>\n      <\/div>\n    <\/section>\n    <section class=\"u-clearfix u-white u-section-6\" id=\"sec-05fe\">\n      <div class=\"u-clearfix u-sheet u-sheet-1\">\n        <div class=\"custom-expanded data-layout-selected u-clearfix u-gutter-0 u-layout-spacing-all u-layout-wrap u-layout-wrap-1\">\n          <div class=\"u-layout\">\n            <div class=\"u-layout-row\">\n              <div class=\"u-container-align-center-md u-container-align-center-sm u-container-align-center-xs u-container-style u-layout-cell u-size-26-lg u-size-26-xl u-size-60-md u-size-60-sm u-size-60-xs u-layout-cell-1\" data-animation-name=\"flipIn\" data-animation-duration=\"1500\" data-animation-delay=\"500\" data-animation-direction=\"X\">\n                <div class=\"u-container-layout u-container-layout-1\">\n                  <h1 class=\"u-align-center-md u-align-center-sm u-align-center-xs u-align-left-lg u-align-left-xl u-text u-text-1\"> Cyberbullying <\/h1>\n                  <p class=\"u-align-center-md u-align-center-sm u-align-center-xs u-align-left-lg u-align-left-xl u-text u-text-2\"> O cyberbullying \u00e9 uma forma de bullying cada vez mais frequente e consiste&nbsp;no uso da tecnologia para assediar, amea\u00e7ar, provocar ou embara\u00e7ar&nbsp;algu\u00e9m.<\/p>\n                  <a href=\"https:\/\/aecondeixa.pt\/wp-content\/uploads\/2025\/10\/cyberbullying.pdf\" class=\"u-border-none u-btn u-button-style u-file-link u-hover-palette-2-base u-palette-1-base u-text-body-alt-color u-text-hover-white u-btn-1\" target=\"_blank\">Saber mais<\/a>\n                <\/div>\n              <\/div>\n              <div class=\"u-container-align-center u-container-style u-layout-cell u-size-34-lg u-size-34-xl u-size-60-md u-size-60-sm u-size-60-xs u-layout-cell-2\">\n                <div class=\"u-container-layout u-valign-bottom-sm u-valign-bottom-xl u-valign-bottom-xs u-container-layout-2\">\n                  <div class=\"u-align-center-md u-align-center-sm u-align-center-xs u-palette-2-base u-preserve-proportions u-shape u-shape-circle u-shape-1\" data-animation-name=\"customAnimationIn\" data-animation-duration=\"1200\" data-animation-delay=\"500\"><\/div>\n                  <img decoding=\"async\" class=\"u-expanded-width-lg u-expanded-width-sm u-expanded-width-xl u-expanded-width-xs u-image u-image-default u-image-1\" src=\"https:\/\/aecondeixa.pt\/wp-content\/uploads\/2025\/10\/portrait-delighted-hipster-male-student-7-min.png\" alt=\"\" data-image-width=\"1000\" data-image-height=\"1132\" data-animation-name=\"customAnimationIn\" data-animation-duration=\"1500\" data-animation-delay=\"0\">\n                <\/div>\n              <\/div>\n            <\/div>\n          <\/div>\n        <\/div>\n      <\/div>\n    <\/section>\n    \n    \n    \n  \n<\/div>","protected":false},"excerpt":{"rendered":"<p>Servi\u00e7o Psicologia e Orienta\u00e7\u00e3o O Servi\u00e7o de Psicologia tem como miss\u00e3o promover o bem-estar e o desenvolvimento integral dos alunos, [&hellip;]<\/p>\n","protected":false},"author":1,"featured_media":0,"parent":0,"menu_order":0,"comment_status":"closed","ping_status":"closed","template":"","meta":{"site-sidebar-layout":"default","site-content-layout":"","ast-site-content-layout":"default","site-content-style":"default","site-sidebar-style":"default","ast-global-header-display":"","ast-banner-title-visibility":"","ast-main-header-display":"","ast-hfb-above-header-display":"","ast-hfb-below-header-display":"","ast-hfb-mobile-header-display":"","site-post-title":"","ast-breadcrumbs-content":"","ast-featured-img":"","footer-sml-layout":"","ast-disable-related-posts":"","theme-transparent-header-meta":"","adv-header-id-meta":"","stick-header-meta":"","header-above-stick-meta":"","header-main-stick-meta":"","header-below-stick-meta":"","astra-migrate-meta-layouts":"default","ast-page-background-enabled":"default","ast-page-background-meta":{"desktop":{"background-color":"var(--ast-global-color-4)","background-image":"","background-repeat":"repeat","background-position":"center center","background-size":"auto","background-attachment":"scroll","background-type":"","background-media":"","overlay-type":"","overlay-color":"","overlay-opacity":"","overlay-gradient":""},"tablet":{"background-color":"","background-image":"","background-repeat":"repeat","background-position":"center center","background-size":"auto","background-attachment":"scroll","background-type":"","background-media":"","overlay-type":"","overlay-color":"","overlay-opacity":"","overlay-gradient":""},"mobile":{"background-color":"","background-image":"","background-repeat":"repeat","background-position":"center center","background-size":"auto","background-attachment":"scroll","background-type":"","background-media":"","overlay-type":"","overlay-color":"","overlay-opacity":"","overlay-gradient":""}},"ast-content-background-meta":{"desktop":{"background-color":"var(--ast-global-color-5)","background-image":"","background-repeat":"repeat","background-position":"center center","background-size":"auto","background-attachment":"scroll","background-type":"","background-media":"","overlay-type":"","overlay-color":"","overlay-opacity":"","overlay-gradient":""},"tablet":{"background-color":"var(--ast-global-color-5)","background-image":"","background-repeat":"repeat","background-position":"center center","background-size":"auto","background-attachment":"scroll","background-type":"","background-media":"","overlay-type":"","overlay-color":"","overlay-opacity":"","overlay-gradient":""},"mobile":{"background-color":"var(--ast-global-color-5)","background-image":"","background-repeat":"repeat","background-position":"center center","background-size":"auto","background-attachment":"scroll","background-type":"","background-media":"","overlay-type":"","overlay-color":"","overlay-opacity":"","overlay-gradient":""}},"footnotes":""},"class_list":["post-738","page","type-page","status-publish","hentry"],"_links":{"self":[{"href":"https:\/\/aecondeixa.pt\/index.php?rest_route=\/wp\/v2\/pages\/738","targetHints":{"allow":["GET"]}}],"collection":[{"href":"https:\/\/aecondeixa.pt\/index.php?rest_route=\/wp\/v2\/pages"}],"about":[{"href":"https:\/\/aecondeixa.pt\/index.php?rest_route=\/wp\/v2\/types\/page"}],"author":[{"embeddable":true,"href":"https:\/\/aecondeixa.pt\/index.php?rest_route=\/wp\/v2\/users\/1"}],"replies":[{"embeddable":true,"href":"https:\/\/aecondeixa.pt\/index.php?rest_route=%2Fwp%2Fv2%2Fcomments&post=738"}],"version-history":[{"count":7,"href":"https:\/\/aecondeixa.pt\/index.php?rest_route=\/wp\/v2\/pages\/738\/revisions"}],"predecessor-version":[{"id":2948,"href":"https:\/\/aecondeixa.pt\/index.php?rest_route=\/wp\/v2\/pages\/738\/revisions\/2948"}],"wp:attachment":[{"href":"https:\/\/aecondeixa.pt\/index.php?rest_route=%2Fwp%2Fv2%2Fmedia&parent=738"}],"curies":[{"name":"wp","href":"https:\/\/api.w.org\/{rel}","templated":true}]}}