{"id":85,"date":"2023-10-06T17:44:18","date_gmt":"2023-10-06T17:44:18","guid":{"rendered":"http:\/\/localhost\/wordpress\/?page_id=85"},"modified":"2024-06-27T09:42:38","modified_gmt":"2024-06-27T09:42:38","slug":"orgao-de-gestao","status":"publish","type":"page","link":"https:\/\/aecondeixa.pt\/?page_id=85","title":{"rendered":"Org\u00e3o de Gest\u00e3o"},"content":{"rendered":"<div class=\"\" style=\"\" >\n  \n    \n    <section class=\"u-clearfix u-white u-section-2\" id=\"sec-d5ea\">\n      <div class=\"u-clearfix u-sheet u-sheet-1\">\n        <h1 class=\"u-align-center u-text u-text-1\"> Org\u00e3o de Gest\u00e3o <\/h1>\n      <\/div>\n    <\/section>\n    <section class=\"u-clearfix u-image u-section-3\" id=\"sec-996a\" data-image-width=\"2312\" data-image-height=\"1042\" style=\"background-image: url(&quot;https:\/\/aecondeixa.pt\/wp-content\/uploads\/2024\/06\/Orgao_Gestao_Novo_50.jpg&quot;);\">\n      <div class=\"u-clearfix u-sheet u-sheet-1\">\n        <div class=\"u-container-align-center-lg u-container-align-center-md u-container-align-center-sm u-container-align-center-xs u-container-style u-expanded-width-lg u-expanded-width-md u-expanded-width-sm u-expanded-width-xs u-group u-shape-rectangle u-group-1\">\n          <div class=\"u-container-layout u-valign-middle-xs u-container-layout-1\"><\/div>\n        <\/div>\n      <\/div>\n    <\/section>\n    <section class=\"u-clearfix u-grey-5 u-section-4\" id=\"sec-6807\">\n      <div class=\"u-clearfix u-sheet u-sheet-1\"><\/div>\n    <\/section>\n    <section class=\"u-align-center u-clearfix u-grey-5 u-section-5\" id=\"Orgao_Gestao\">\n      <div class=\"u-align-left u-clearfix u-sheet u-sheet-1\">\n        <h2 class=\"u-align-center u-text u-text-grey-70 u-text-1\">Org\u00e3o de Gest\u00e3o<\/h2>\n        <div class=\"u-expanded-width u-list u-list-1\">\n          <div class=\"u-repeater u-repeater-1\">\n            <div class=\"u-container-style u-list-item u-repeater-item\">\n              <div class=\"u-container-layout u-similar-container u-valign-top u-container-layout-1\"><span class=\"u-align-center u-file-icon u-icon u-icon-1\"><img decoding=\"async\" src=\"https:\/\/aecondeixa.pt\/wp-content\/uploads\/2024\/04\/Avelino.jpg\" alt=\"\"><\/span>\n                <h3 class=\"u-align-center u-text u-text-default u-text-2\"> Avelino Ferreira dos Santos&nbsp;<br>Diretor\n                <\/h3>\n                <p class=\"u-align-center u-text u-text-3\"> Informa\u00e7\u00e3o sobre \u00e1reas de coordena\u00e7\u00e3o<\/p>\n                <a href=\"\" class=\"u-active-none u-align-center u-border-active-palette-2-base u-border-hover-palette-2-base u-border-none u-btn u-button-style u-hover-none u-palette-2-base u-text-active-grey-80 u-text-hover-grey-70 u-text-white u-btn-1\">ler mais<\/a>\n              <\/div>\n            <\/div>\n            <div class=\"u-container-style u-list-item u-repeater-item\">\n              <div class=\"u-container-layout u-similar-container u-valign-top u-container-layout-2\"><span class=\"u-align-center u-file-icon u-icon u-icon-2\"><img decoding=\"async\" src=\"https:\/\/aecondeixa.pt\/wp-content\/uploads\/2024\/06\/Bruno.jpg\" alt=\"\"><\/span>\n                <h3 class=\"u-align-center u-text u-text-default u-text-4\"> Bruno Lu\u00eds Ac\u00farcio da Cruz&nbsp;<br>Subdiretor\n                <\/h3>\n                <p class=\"u-align-center u-text u-text-5\">Informa\u00e7\u00e3o sobre \u00e1reas de coordena\u00e7\u00e3o <\/p>\n                <a href=\"\" class=\"u-active-none u-align-center u-border-active-palette-2-base u-border-hover-palette-2-base u-border-none u-btn u-button-style u-hover-none u-palette-2-base u-text-active-grey-80 u-text-hover-grey-70 u-text-white u-btn-2\"> ler mais<\/a>\n              <\/div>\n            <\/div>\n          <\/div>\n        <\/div>\n      <\/div>\n    <\/section>\n    <section class=\"u-align-center u-clearfix u-container-align-center u-grey-5 u-section-6\" id=\"sec-255c\">\n      <div class=\"u-align-left u-clearfix u-sheet u-sheet-1\">\n        <div class=\"u-expanded-width u-list u-list-1\">\n          <div class=\"u-repeater u-repeater-1\">\n            <div class=\"u-container-style u-list-item u-repeater-item\">\n              <div class=\"u-container-layout u-similar-container u-valign-top u-container-layout-1\"><span class=\"u-align-center u-file-icon u-icon u-icon-1\"><img decoding=\"async\" src=\"https:\/\/aecondeixa.pt\/wp-content\/uploads\/2024\/04\/Paulo.jpg\" alt=\"\"><\/span>\n                <h3 class=\"u-align-center u-text u-text-default u-text-1\"> Paulo Rui de Matos Alves Correia&nbsp;<br>Adjunto\n                <\/h3>\n                <p class=\"u-align-center u-text u-text-2\">Informa\u00e7\u00e3o sobre \u00e1reas de coordena\u00e7\u00e3o<\/p>\n                <a href=\"\" class=\"u-active-none u-align-center u-border-active-palette-2-base u-border-hover-palette-2-base u-border-none u-btn u-button-style u-hover-none u-palette-2-base u-text-active-grey-80 u-text-hover-grey-70 u-text-white u-btn-1\"> ler mais<\/a>\n              <\/div>\n            <\/div>\n            <div class=\"u-container-style u-list-item u-repeater-item\">\n              <div class=\"u-container-layout u-similar-container u-valign-top u-container-layout-2\"><span class=\"u-align-center u-file-icon u-icon u-icon-2\"><img decoding=\"async\" src=\"https:\/\/aecondeixa.pt\/wp-content\/uploads\/2024\/06\/Alda_Palmeirao.jpg\" alt=\"\"><\/span>\n                <h3 class=\"u-align-center u-text u-text-default u-text-3\"> Sara Gabriela Lu\u00eds<br>\n                  <br>Adjunta\n                <\/h3>\n                <p class=\"u-align-center u-text u-text-4\"> Informa\u00e7\u00e3o sobre \u00e1reas de coordena\u00e7\u00e3o<\/p>\n                <a href=\"\" class=\"u-active-none u-align-center u-border-active-palette-2-base u-border-hover-palette-2-base u-border-none u-btn u-button-style u-hover-none u-palette-2-base u-text-active-grey-80 u-text-hover-grey-70 u-text-white u-btn-2\"> ler mais<\/a>\n              <\/div>\n            <\/div>\n            <div class=\"u-container-align-center u-container-style u-list-item u-repeater-item\">\n              <div class=\"u-container-layout u-similar-container u-valign-top u-container-layout-3\"><span class=\"u-align-center u-file-icon u-icon u-icon-3\"><img decoding=\"async\" src=\"https:\/\/aecondeixa.pt\/wp-content\/uploads\/2024\/06\/Sara_luis.jpg\" alt=\"\"><\/span>\n                <h3 class=\"u-align-center u-text u-text-default u-text-5\"> Alda Maria Martins Palmeir\u00e3o<br>Adjunta\n                <\/h3>\n                <p class=\"u-align-center u-text u-text-6\"> Informa\u00e7\u00e3o sobre \u00e1reas de coordena\u00e7\u00e3o<\/p>\n                <a href=\"\" class=\"u-active-none u-align-center u-border-active-palette-2-base u-border-hover-palette-2-base u-border-none u-btn u-button-style u-hover-none u-palette-2-base u-text-active-grey-80 u-text-hover-grey-70 u-text-white u-btn-3\"> ler mais<\/a>\n              <\/div>\n            <\/div>\n          <\/div>\n        <\/div>\n      <\/div>\n    <\/section>\n    \n    \n    \n  \n<\/div>","protected":false},"excerpt":{"rendered":"<p>Org\u00e3o de Gest\u00e3o Org\u00e3o de Gest\u00e3o Avelino Ferreira dos Santos&nbsp;Diretor Informa\u00e7\u00e3o sobre \u00e1reas de coordena\u00e7\u00e3o ler mais Bruno Lu\u00eds Ac\u00farcio [&hellip;]<\/p>\n","protected":false},"author":1,"featured_media":0,"parent":0,"menu_order":0,"comment_status":"closed","ping_status":"closed","template":"","meta":{"site-sidebar-layout":"default","site-content-layout":"","ast-site-content-layout":"default","site-content-style":"default","site-sidebar-style":"default","ast-global-header-display":"","ast-banner-title-visibility":"","ast-main-header-display":"","ast-hfb-above-header-display":"","ast-hfb-below-header-display":"","ast-hfb-mobile-header-display":"","site-post-title":"","ast-breadcrumbs-content":"","ast-featured-img":"","footer-sml-layout":"","ast-disable-related-posts":"","theme-transparent-header-meta":"","adv-header-id-meta":"","stick-header-meta":"","header-above-stick-meta":"","header-main-stick-meta":"","header-below-stick-meta":"","astra-migrate-meta-layouts":"default","ast-page-background-enabled":"default","ast-page-background-meta":{"desktop":{"background-color":"var(--ast-global-color-4)","background-image":"","background-repeat":"repeat","background-position":"center center","background-size":"auto","background-attachment":"scroll","background-type":"","background-media":"","overlay-type":"","overlay-color":"","overlay-opacity":"","overlay-gradient":""},"tablet":{"background-color":"","background-image":"","background-repeat":"repeat","background-position":"center center","background-size":"auto","background-attachment":"scroll","background-type":"","background-media":"","overlay-type":"","overlay-color":"","overlay-opacity":"","overlay-gradient":""},"mobile":{"background-color":"","background-image":"","background-repeat":"repeat","background-position":"center center","background-size":"auto","background-attachment":"scroll","background-type":"","background-media":"","overlay-type":"","overlay-color":"","overlay-opacity":"","overlay-gradient":""}},"ast-content-background-meta":{"desktop":{"background-color":"var(--ast-global-color-5)","background-image":"","background-repeat":"repeat","background-position":"center center","background-size":"auto","background-attachment":"scroll","background-type":"","background-media":"","overlay-type":"","overlay-color":"","overlay-opacity":"","overlay-gradient":""},"tablet":{"background-color":"var(--ast-global-color-5)","background-image":"","background-repeat":"repeat","background-position":"center center","background-size":"auto","background-attachment":"scroll","background-type":"","background-media":"","overlay-type":"","overlay-color":"","overlay-opacity":"","overlay-gradient":""},"mobile":{"background-color":"var(--ast-global-color-5)","background-image":"","background-repeat":"repeat","background-position":"center center","background-size":"auto","background-attachment":"scroll","background-type":"","background-media":"","overlay-type":"","overlay-color":"","overlay-opacity":"","overlay-gradient":""}},"footnotes":""},"class_list":["post-85","page","type-page","status-publish","hentry"],"_links":{"self":[{"href":"https:\/\/aecondeixa.pt\/index.php?rest_route=\/wp\/v2\/pages\/85","targetHints":{"allow":["GET"]}}],"collection":[{"href":"https:\/\/aecondeixa.pt\/index.php?rest_route=\/wp\/v2\/pages"}],"about":[{"href":"https:\/\/aecondeixa.pt\/index.php?rest_route=\/wp\/v2\/types\/page"}],"author":[{"embeddable":true,"href":"https:\/\/aecondeixa.pt\/index.php?rest_route=\/wp\/v2\/users\/1"}],"replies":[{"embeddable":true,"href":"https:\/\/aecondeixa.pt\/index.php?rest_route=%2Fwp%2Fv2%2Fcomments&post=85"}],"version-history":[{"count":7,"href":"https:\/\/aecondeixa.pt\/index.php?rest_route=\/wp\/v2\/pages\/85\/revisions"}],"predecessor-version":[{"id":2141,"href":"https:\/\/aecondeixa.pt\/index.php?rest_route=\/wp\/v2\/pages\/85\/revisions\/2141"}],"wp:attachment":[{"href":"https:\/\/aecondeixa.pt\/index.php?rest_route=%2Fwp%2Fv2%2Fmedia&parent=85"}],"curies":[{"name":"wp","href":"https:\/\/api.w.org\/{rel}","templated":true}]}}